{"id":53,"date":"2023-06-27T17:31:19","date_gmt":"2023-06-27T17:31:19","guid":{"rendered":"https:\/\/loewen-escholzmatt.ch\/?page_id=53"},"modified":"2023-12-01T08:32:01","modified_gmt":"2023-12-01T07:32:01","slug":"entlebuch-montain-dog","status":"publish","type":"page","link":"https:\/\/loewen-escholzmatt.ch\/?page_id=53","title":{"rendered":"Entlebucher Sennenhund"},"content":{"rendered":"\n    \n    <section class=\"u-clearfix u-section-2\" id=\"sec-26eb\">\n      <div class=\"u-clearfix u-sheet u-sheet-1\">\n        <h1 class=\"u-custom-font u-font-raleway u-text u-text-default u-text-1\" data-lang-de=\"Argo - unser Entlebucher Sennenhund\" data-lang-en=\"Argo - our Entlebuch Mountain Dog\">Argo - unser Entlebucher Sennenhund<\/h1>\n        <p class=\"u-align-justify u-custom-font u-font-raleway u-text u-text-default u-text-2\" data-lang-de=\"\u200bYves \u2013 Argo vom Kornried ist am 30. Juli 2015 in Aeschi bei Spiez bei der Familie Kleinjenny geboren. Er ist mit 6 Geschwister aufgewachsen und seit dem 14. November 2015 als junger R\u00fcde in Escholzmatt, im Hotel L\u00f6wen zuhause. Er hat sich von der ersten Minute sehr wohlgef\u00fchlt und ist mittlerweile ein guter W\u00e4chter und liebevoller Freund im L\u00f6wen, und wird von allen sehr gesch\u00e4tzt.<br>Yves \u2013 Argo ist ein rassenreiner Entlebucher Sennenhund mit Stammbaum und allen Papieren.&amp;nbsp;<br><br>Argo, wie er genannt wird, ist ein treuer, folgsamer Begleiter, eben ein Entlebucher.<br><br>F\u00fcr mehr Informationen gehen Sie auf&amp;nbsp;<a target=&quot;blank&quot; href=&quot;http:\/\/www.entlebuchersennenhunde.ch\/&quot; class=&quot;u-active-none u-border-none u-btn u-button-style u-hover-none u-none u-text-palette-1-base u-btn-1 u-block-control&quot; style=&quot;background-image: none; padding-top: 0; padding-bottom: 0; padding-left: 0; padding-right: 0&quot; data-block=&quot;663&quot;>www.entlebuchersennenhunde.ch<\/a>.\" data-lang-en=\"\u200bYves - Argo of Kornried was born on July 30 2015 in Aeschi near Spiez (CH) to the Kleinjenny family.<br><br>He grew up with 6 siblings and since November 14 2015 he is part of the Hotel L\u00f6wen Family. He felt home from the first moment and is now a good guardian, loving friend and greatly appreciated by all.<br>Yves - Argo is a purebred Entlebuch mountain dog with pedigree.<br>Argo, as he is called, is a faithful, obedient companion.<br><br>For more information go to&amp;nbsp;<a target=&quot;blank&quot; href=&quot;http:\/\/www.entlebuchersennenhunde.ch\/&quot; class=&quot;u-active-none u-btn-1 u-border-none u-btn u-button-style u-hover-none u-none u-text-palette-1-base&quot; style=&quot;background-image: none; padding: 0px;&quot;>www.entlebuchersennenhunde.ch<\/a>.\"> Yves \u2013 Argo vom Kornried ist am 30. Juli 2015 in Aeschi bei Spiez bei der Familie Kleinjenny geboren. Er ist mit 6 Geschwister aufgewachsen und seit dem 14. November 2015 als junger R\u00fcde in Escholzmatt, im Hotel L\u00f6wen zuhause. Er hat sich von der ersten Minute sehr wohlgef\u00fchlt und ist mittlerweile ein guter W\u00e4chter und liebevoller Freund im L\u00f6wen, und wird von allen sehr gesch\u00e4tzt.<br>Yves \u2013 Argo ist ein rassenreiner Entlebucher Sennenhund mit Stammbaum und allen Papieren.&nbsp;<br>\n          <br>Argo, wie er genannt wird, ist ein treuer, folgsamer Begleiter, eben ein Entlebucher.<br>\n          <br>F\u00fcr mehr Informationen gehen Sie auf&nbsp;<a target=\"blank\" href=\"http:\/\/www.entlebuchersennenhunde.ch\/\" class=\"u-active-none u-border-none u-btn u-button-style u-hover-none u-none u-text-palette-1-base u-btn-1\">www.entlebuchersennenhunde.ch<\/a>. \n        <\/p>\n      <\/div>\n    <\/section>\n    <section class=\"u-align-center u-clearfix u-section-3\" id=\"sec-422c\">\n      <div class=\"u-clearfix u-sheet u-sheet-1\">\n        <div class=\"u-carousel u-expanded-width-lg u-expanded-width-md u-expanded-width-xl u-gallery u-layout-thumbnails u-lightbox u-show-text-always u-gallery-1\" id=\"carousel-2e86\" data-interval=\"5000\" data-u-ride=\"carousel\">\n          <div class=\"u-carousel-inner u-gallery-inner u-gallery-inner-1\" role=\"listbox\">\n            <div class=\"u-active u-carousel-item u-effect-hover-zoom u-gallery-item u-shape-rectangle u-carousel-item-1\">\n              <div class=\"u-back-slide\" data-image-width=\"1109\" data-image-height=\"1478\">\n                <img decoding=\"async\" class=\"u-back-image u-expanded\" src=\"https:\/\/loewen-escholzmatt.ch\/wp-content\/uploads\/2023\/06\/002.jpg\">\n              <\/div>\n              <div class=\"u-over-slide u-over-slide-1\">\n                <h3 class=\"u-gallery-heading\" data-lang-de=\"\" data-lang-en=\"\">Beispieltitel<\/h3>\n                <p class=\"u-gallery-text\" data-lang-de=\"\" data-lang-en=\"\">Beispieltext<\/p>\n              <\/div>\n            <\/div>\n            <div class=\"u-carousel-item u-effect-hover-zoom u-gallery-item u-shape-rectangle u-carousel-item-2\">\n              <div class=\"u-back-slide\" data-image-width=\"1135\" data-image-height=\"1513\">\n                <img decoding=\"async\" class=\"u-back-image u-expanded\" src=\"https:\/\/loewen-escholzmatt.ch\/wp-content\/uploads\/2023\/06\/004.jpg\">\n              <\/div>\n              <div class=\"u-over-slide u-over-slide-2\">\n                <h3 class=\"u-gallery-heading\" data-lang-de=\"\" data-lang-en=\"\">Beispieltitel<\/h3>\n                <p class=\"u-gallery-text\" data-lang-de=\"\" data-lang-en=\"\">Beispieltext<\/p>\n              <\/div>\n            <\/div>\n            <div class=\"u-carousel-item u-effect-hover-zoom u-gallery-item u-shape-rectangle u-carousel-item-3\">\n              <div class=\"u-back-slide\" data-image-width=\"1021\" data-image-height=\"1361\">\n                <img decoding=\"async\" class=\"u-back-image u-expanded\" src=\"https:\/\/loewen-escholzmatt.ch\/wp-content\/uploads\/2023\/06\/003.jpg\">\n              <\/div>\n              <div class=\"u-over-slide u-over-slide-3\">\n                <h3 class=\"u-gallery-heading\" data-lang-de=\"\" data-lang-en=\"\">Beispieltitel<\/h3>\n                <p class=\"u-gallery-text\" data-lang-de=\"\" data-lang-en=\"\">Beispieltext<\/p>\n              <\/div>\n            <\/div>\n            <div class=\"u-carousel-item u-effect-hover-zoom u-gallery-item u-shape-rectangle u-carousel-item-4\">\n              <div class=\"u-back-slide\" data-image-width=\"1253\" data-image-height=\"1669\">\n                <img decoding=\"async\" class=\"u-back-image u-expanded\" src=\"https:\/\/loewen-escholzmatt.ch\/wp-content\/uploads\/2023\/06\/001.jpg\">\n              <\/div>\n              <div class=\"u-over-slide u-over-slide-4\">\n                <h3 class=\"u-gallery-heading\" data-lang-de=\"\" data-lang-en=\"\">Beispieltitel<\/h3>\n                <p class=\"u-gallery-text\" data-lang-de=\"\" data-lang-en=\"\">Beispieltext<\/p>\n              <\/div>\n            <\/div>\n          <\/div>\n          <a class=\"u-absolute-vcenter u-carousel-control u-carousel-control-prev u-grey-70 u-icon-circle u-opacity u-opacity-70 u-spacing-10 u-text-white u-carousel-control-1\" href=\"#carousel-2e86\" role=\"button\" data-u-slide=\"prev\">\n            <span aria-hidden=\"true\">\n              <svg viewBox=\"0 0 451.847 451.847\"><path d=\"M97.141,225.92c0-8.095,3.091-16.192,9.259-22.366L300.689,9.27c12.359-12.359,32.397-12.359,44.751,0\nc12.354,12.354,12.354,32.388,0,44.748L173.525,225.92l171.903,171.909c12.354,12.354,12.354,32.391,0,44.744\nc-12.354,12.365-32.386,12.365-44.745,0l-194.29-194.281C100.226,242.115,97.141,234.018,97.141,225.92z\"><\/path><\/svg>\n            <\/span>\n            <span class=\"sr-only\">\n              <svg viewBox=\"0 0 451.847 451.847\"><path d=\"M97.141,225.92c0-8.095,3.091-16.192,9.259-22.366L300.689,9.27c12.359-12.359,32.397-12.359,44.751,0\nc12.354,12.354,12.354,32.388,0,44.748L173.525,225.92l171.903,171.909c12.354,12.354,12.354,32.391,0,44.744\nc-12.354,12.365-32.386,12.365-44.745,0l-194.29-194.281C100.226,242.115,97.141,234.018,97.141,225.92z\"><\/path><\/svg>\n            <\/span>\n          <\/a>\n          <a class=\"u-absolute-vcenter u-carousel-control u-carousel-control-next u-grey-70 u-icon-circle u-opacity u-opacity-70 u-spacing-10 u-text-white u-carousel-control-2\" href=\"#carousel-2e86\" role=\"button\" data-u-slide=\"next\">\n            <span aria-hidden=\"true\">\n              <svg viewBox=\"0 0 451.846 451.847\"><path d=\"M345.441,248.292L151.154,442.573c-12.359,12.365-32.397,12.365-44.75,0c-12.354-12.354-12.354-32.391,0-44.744\nL278.318,225.92L106.409,54.017c-12.354-12.359-12.354-32.394,0-44.748c12.354-12.359,32.391-12.359,44.75,0l194.287,194.284\nc6.177,6.18,9.262,14.271,9.262,22.366C354.708,234.018,351.617,242.115,345.441,248.292z\"><\/path><\/svg>\n            <\/span>\n            <span class=\"sr-only\">\n              <svg viewBox=\"0 0 451.846 451.847\"><path d=\"M345.441,248.292L151.154,442.573c-12.359,12.365-32.397,12.365-44.75,0c-12.354-12.354-12.354-32.391,0-44.744\nL278.318,225.92L106.409,54.017c-12.354-12.359-12.354-32.394,0-44.748c12.354-12.359,32.391-12.359,44.75,0l194.287,194.284\nc6.177,6.18,9.262,14.271,9.262,22.366C354.708,234.018,351.617,242.115,345.441,248.292z\"><\/path><\/svg>\n            <\/span>\n          <\/a>\n          <ol class=\"u-carousel-thumbnails\">\n            <li class=\"u-active u-carousel-thumbnail u-carousel-thumbnail-1\" data-u-target=\"#carousel-2e86\" data-u-slide-to=\"0\">\n              <img decoding=\"async\" class=\"u-carousel-thumbnail-image u-image\" src=\"https:\/\/loewen-escholzmatt.ch\/wp-content\/uploads\/2023\/06\/002.jpg\">\n            <\/li>\n            <li class=\"u-carousel-thumbnail u-carousel-thumbnail-2\" data-u-target=\"#carousel-2e86\" data-u-slide-to=\"1\">\n              <img decoding=\"async\" class=\"u-carousel-thumbnail-image u-image\" src=\"https:\/\/loewen-escholzmatt.ch\/wp-content\/uploads\/2023\/06\/004.jpg\">\n            <\/li>\n            <li class=\"u-carousel-thumbnail u-carousel-thumbnail-3\" data-u-target=\"#carousel-2e86\" data-u-slide-to=\"2\">\n              <img decoding=\"async\" class=\"u-carousel-thumbnail-image u-image\" src=\"https:\/\/loewen-escholzmatt.ch\/wp-content\/uploads\/2023\/06\/003.jpg\">\n            <\/li>\n            <li class=\"u-carousel-thumbnail u-carousel-thumbnail-4\" data-u-target=\"#carousel-2e86\" data-u-slide-to=\"3\">\n              <img decoding=\"async\" class=\"u-carousel-thumbnail-image u-image\" src=\"https:\/\/loewen-escholzmatt.ch\/wp-content\/uploads\/2023\/06\/001.jpg\">\n            <\/li>\n          <\/ol>\n        <\/div>\n        <blockquote class=\"u-border-custom-color-1 u-custom-font u-font-raleway u-text u-text-default u-text-1\" data-lang-de=\"\u200bDie Treue eines Hundes ist ein kostbares Geschenk, das nicht minder bindende moralische Verpflichtungen auferlegt, als die Freundschaft eines Menschen.\" data-lang-en=\"\u200bDie Treue eines Hundes ist ein kostbares Geschenk, das nicht minder bindende moralische Verpflichtungen auferlegt, als die Freundschaft eines Menschen.\"> Die Treue eines Hundes ist ein kostbares Geschenk, das nicht minder bindende moralische Verpflichtungen auferlegt, als die Freundschaft eines Menschen.<\/blockquote>\n      <\/div>\n    <\/section>\n    \n    \n    \n  \n","protected":false},"excerpt":{"rendered":"<p>Argo &#8211; unser Entlebucher Sennenhund Yves \u2013 Argo vom Kornried ist am 30. Juli 2015 in Aeschi bei Spiez bei der Familie Kleinjenny geboren. Er ist mit 6 Geschwister aufgewachsen und seit dem 14. November 2015 als junger R\u00fcde in Escholzmatt, im Hotel L\u00f6wen zuhause. Er hat sich von der ersten Minute sehr wohlgef\u00fchlt und &hellip; <a href=\"https:\/\/loewen-escholzmatt.ch\/?page_id=53\" class=\"more-link\">Continue reading<span class=\"screen-reader-text\"> &#8222;Entlebucher Sennenhund&#8220;<\/span><\/a><\/p>\n","protected":false},"author":1,"featured_media":0,"parent":0,"menu_order":4,"comment_status":"closed","ping_status":"closed","template":"","meta":{"footnotes":""},"class_list":["post-53","page","type-page","status-publish","hentry"],"_links":{"self":[{"href":"https:\/\/loewen-escholzmatt.ch\/index.php?rest_route=\/wp\/v2\/pages\/53","targetHints":{"allow":["GET"]}}],"collection":[{"href":"https:\/\/loewen-escholzmatt.ch\/index.php?rest_route=\/wp\/v2\/pages"}],"about":[{"href":"https:\/\/loewen-escholzmatt.ch\/index.php?rest_route=\/wp\/v2\/types\/page"}],"author":[{"embeddable":true,"href":"https:\/\/loewen-escholzmatt.ch\/index.php?rest_route=\/wp\/v2\/users\/1"}],"replies":[{"embeddable":true,"href":"https:\/\/loewen-escholzmatt.ch\/index.php?rest_route=%2Fwp%2Fv2%2Fcomments&post=53"}],"version-history":[{"count":3,"href":"https:\/\/loewen-escholzmatt.ch\/index.php?rest_route=\/wp\/v2\/pages\/53\/revisions"}],"predecessor-version":[{"id":533,"href":"https:\/\/loewen-escholzmatt.ch\/index.php?rest_route=\/wp\/v2\/pages\/53\/revisions\/533"}],"wp:attachment":[{"href":"https:\/\/loewen-escholzmatt.ch\/index.php?rest_route=%2Fwp%2Fv2%2Fmedia&parent=53"}],"curies":[{"name":"wp","href":"https:\/\/api.w.org\/{rel}","templated":true}]}}