{"id":52,"date":"2023-06-27T17:31:18","date_gmt":"2023-06-27T17:31:18","guid":{"rendered":"https:\/\/loewen-escholzmatt.ch\/?page_id=52"},"modified":"2026-01-05T19:02:07","modified_gmt":"2026-01-05T18:02:07","slug":"menu","status":"publish","type":"page","link":"https:\/\/loewen-escholzmatt.ch\/?page_id=52","title":{"rendered":"Menu"},"content":{"rendered":"\n    \n    <section class=\"u-clearfix u-image u-section-2\" id=\"carousel_e066\" data-image-width=\"1280\" data-image-height=\"853\" style=\"background-image: url(&quot;https:\/\/loewen-escholzmatt.ch\/wp-content\/uploads\/2023\/06\/chicken-skewers-with-slices-sweet-peppers-dill.jpg&quot;);\">\n      <div class=\"u-clearfix u-sheet u-sheet-1\">\n        <div class=\"u-container-style u-expanded-width-xs u-group u-radius-17 u-shape-round u-white u-group-1\">\n          <div class=\"u-container-layout u-container-layout-1\">\n            <h3 class=\"u-align-left u-custom-font u-font-montserrat u-text u-text-1\" data-lang-de=\"Unser Angebot\" data-lang-en=\"Our offer\">Unser Angebot<\/h3>\n            <p class=\"u-align-left u-custom-font u-font-raleway u-text u-text-2\" data-lang-de=\" Willkommen auf unserer Angebotsseite!&amp;nbsp;\" data-lang-en=\"\u200bHere you will find our wine list, menu as well as the Carlunchcard. All Cards are written in German. If you need further information, please use the contact form.\"> Willkommen auf unserer Angebotsseite!&nbsp;<\/p>\n          <\/div>\n        <\/div>\n      <\/div>\n    <\/section>\n    <section class=\"u-clearfix u-section-3\" id=\"sec-fb8c\">\n      <div class=\"u-clearfix u-sheet u-sheet-1\"><\/div>\n    <\/section>\n    <section class=\"u-clearfix u-section-4\" id=\"sec-8886\">\n      <div class=\"u-clearfix u-sheet u-sheet-1\">\n        <div class=\"u-expanded-width u-list u-list-1\">\n          <div class=\"u-repeater u-repeater-1\">\n            <div class=\"u-container-align-center u-container-style u-list-item u-radius-20 u-repeater-item u-shape-round u-white u-list-item-1\">\n              <div class=\"u-container-layout u-similar-container u-valign-bottom u-container-layout-1\"><span class=\"u-align-center u-custom-item u-file-icon u-icon u-icon-1\" data-animation-name=\"\" data-animation-duration=\"0\" data-animation-delay=\"0\" data-animation-direction=\"\"><img decoding=\"async\" src=\"https:\/\/loewen-escholzmatt.ch\/wp-content\/uploads\/2023\/06\/4137203.png\" alt=\"\"><\/span>\n                <h4 class=\"u-align-center u-custom-font u-font-raleway u-text u-text-1\" data-lang-de=\"Speisekarte\" data-lang-en=\"Menu\">Speisekarte<\/h4>\n                <p class=\"u-align-justify u-text u-text-2\" data-lang-de=\" Wir bieten Ihnen eine Vielzahl an kulinarischen K\u00f6stlichkeiten, die von unserem erfahrenen K\u00fcchenteam zubereitet werden. Unsere Men\u00fckarte bietet Ihnen eine Auswahl an saisonalen und regionalen Gerichten, die mit frischen Zutaten und viel Liebe zubereitet werden.\" data-lang-en=\"\u200bWe offer you a variety of culinary delights prepared by our experienced kitchen team. Our menu offers a selection of seasonal and regional dishes prepared with fresh ingredients and a lot of care.\"> Wir bieten Ihnen eine Vielzahl an kulinarischen K\u00f6stlichkeiten, die von unserem erfahrenen K\u00fcchenteam zubereitet werden. Unsere Men\u00fckarte bietet Ihnen eine Auswahl an saisonalen und regionalen Gerichten, die mit frischen Zutaten und viel Liebe zubereitet werden.<\/p>\n                <a href=\"https:\/\/loewen-escholzmatt.ch\/wp-content\/uploads\/2024\/07\/Speisekarte2024.pdf\" class=\"u-active-none u-align-center u-border-active-grey-50 u-border-hover-grey-50 u-border-none u-btn u-button-style u-file-link u-hover-none u-none u-text-grey-50 u-btn-1\" target=\"_blank\" data-lang-de=\"{&quot;content&quot;:&quot;&lt;span class=\\&quot;u-file-icon u-icon u-text-custom-color-1 u-block-control u-icon-2\\&quot; style=\\&quot;font-size: 2.5em\\&quot; data-block=\\&quot;23\\&quot;&gt;&lt;img src=\\&quot;https:\/\/loewen-escholzmatt.ch\/wp-content\/uploads\/2023\/06\/fac7c031.png\\&quot; alt=\\&quot;\\&quot;  data-color=\\&quot;#ff3f5b\\&quot;&gt;&lt;\/span&gt;&amp;nbsp;Karte herunterladen\\n                &quot;,&quot;href&quot;:&quot;https:\/\/loewen-escholzmatt.ch\/wp-content\/uploads\/2024\/07\/Speisekarte2024.pdf&quot;}\" data-lang-en=\"{&quot;content&quot;:&quot;&lt;span class=\\&quot;u-icon-2 u-file-icon u-icon u-text-custom-color-1\\&quot; style=\\&quot;font-size: 2.5em\\&quot;&gt;&lt;img src=\\&quot;https:\/\/loewen-escholzmatt.ch\/wp-content\/uploads\/2023\/06\/fac7c031.png\\&quot; alt=\\&quot;\\&quot;  data-color=\\&quot;#ff3f5b\\&quot;&gt;&lt;\/span&gt;&amp;nbsp;Karte herunterladen\\n                &quot;,&quot;href&quot;:&quot;https:\/\/loewen-escholzmatt.ch\/wp-content\/uploads\/2024\/07\/Speisekarte2024.pdf&quot;}\"><span class=\"u-file-icon u-icon u-text-custom-color-1 u-block-control u-icon-2\"><img decoding=\"async\" src=\"https:\/\/loewen-escholzmatt.ch\/wp-content\/uploads\/2023\/06\/fac7c031.png\" alt=\"\"><\/span>&nbsp;Karte herunterladen \n                <\/a>\n              <\/div>\n            <\/div>\n            <div class=\"u-container-align-center u-container-style u-list-item u-radius-20 u-repeater-item u-shape-round u-white u-list-item-2\">\n              <div class=\"u-container-layout u-similar-container u-valign-bottom u-container-layout-2\"><span class=\"u-align-center u-custom-item u-file-icon u-icon u-icon-3\" data-animation-name=\"\" data-animation-duration=\"0\" data-animation-delay=\"0\" data-animation-direction=\"\"><img decoding=\"async\" src=\"https:\/\/loewen-escholzmatt.ch\/wp-content\/uploads\/2023\/06\/4698197.png\" alt=\"\"><\/span>\n                <h4 class=\"u-align-center u-custom-font u-font-raleway u-text u-text-3\" data-lang-de=\" Weinkarte\" data-lang-en=\"Wine list\"> Weinkarte<\/h4>\n                <p class=\"u-align-justify u-text u-text-4\" data-lang-de=\" Willkommen zu unserer Weinkarte! Wir bieten Ihnen eine Auswahl an erlesenen Weinen, die von uns sorgf\u00e4ltig ausgew\u00e4hlt wurden, um die perfekte Erg\u00e4nzung zu unseren Gerichten zu sein.&amp;nbsp;&lt;br&gt;\n                \" data-lang-en=\"\u200bWelcome to our wine menu! We offer a selection of fine wines that have been carefully selected by us to be the perfect complement to our dishes.&lt;br&gt;\"> Willkommen zu unserer Weinkarte! Wir bieten Ihnen eine Auswahl an erlesenen Weinen, die von uns sorgf\u00e4ltig ausgew\u00e4hlt wurden, um die perfekte Erg\u00e4nzung zu unseren Gerichten zu sein.&nbsp;<br>\n                <\/p>\n                <a href=\"https:\/\/loewen-escholzmatt.ch\/wp-content\/uploads\/2023\/06\/Weinkarte.pdf\" class=\"u-active-none u-align-center u-border-active-grey-50 u-border-hover-grey-50 u-border-none u-btn u-button-style u-file-link u-hover-none u-none u-text-grey-50 u-btn-2\" target=\"_blank\" data-lang-de=\"{&quot;content&quot;:&quot;&lt;span class=\\&quot;u-file-icon u-icon u-text-custom-color-1 u-block-control u-icon-4\\&quot; style=\\&quot;font-size: 2.5em\\&quot; data-block=\\&quot;35\\&quot;&gt;&lt;img src=\\&quot;https:\/\/loewen-escholzmatt.ch\/wp-content\/uploads\/2023\/06\/fac7c031.png\\&quot; alt=\\&quot;\\&quot;  data-color=\\&quot;#ff3f5b\\&quot;&gt;&lt;\/span&gt;&amp;nbsp;Karte herunterladen\\n                &quot;,&quot;href&quot;:&quot;https:\/\/loewen-escholzmatt.ch\/wp-content\/uploads\/2023\/06\/Weinkarte.pdf&quot;}\" data-lang-en=\"{&quot;content&quot;:&quot;&lt;span class=\\&quot;u-icon-4 u-file-icon u-icon u-text-custom-color-1\\&quot; style=\\&quot;font-size: 2.5em\\&quot;&gt;&lt;img src=\\&quot;https:\/\/loewen-escholzmatt.ch\/wp-content\/uploads\/2023\/06\/fac7c031.png\\&quot; alt=\\&quot;\\&quot;  data-color=\\&quot;#ff3f5b\\&quot;&gt;&lt;\/span&gt;&amp;nbsp;Karte herunterladen\\n                &quot;,&quot;href&quot;:&quot;https:\/\/loewen-escholzmatt.ch\/wp-content\/uploads\/2023\/06\/Weinkarte.pdf&quot;}\"><span class=\"u-file-icon u-icon u-text-custom-color-1 u-block-control u-icon-4\"><img decoding=\"async\" src=\"https:\/\/loewen-escholzmatt.ch\/wp-content\/uploads\/2023\/06\/fac7c031.png\" alt=\"\"><\/span>&nbsp;Karte herunterladen \n                <\/a>\n              <\/div>\n            <\/div>\n          <\/div>\n        <\/div>\n      <\/div>\n    <\/section>\n    \n    \n    \n  \n","protected":false},"excerpt":{"rendered":"<p>Unser Angebot Willkommen auf unserer Angebotsseite!&nbsp; Speisekarte Wir bieten Ihnen eine Vielzahl an kulinarischen K\u00f6stlichkeiten, die von unserem erfahrenen K\u00fcchenteam zubereitet werden. Unsere Men\u00fckarte bietet Ihnen eine Auswahl an saisonalen und regionalen Gerichten, die mit frischen Zutaten und viel Liebe zubereitet werden. &nbsp;Karte herunterladen Weinkarte Willkommen zu unserer Weinkarte! Wir bieten Ihnen eine Auswahl an &hellip; <a href=\"https:\/\/loewen-escholzmatt.ch\/?page_id=52\" class=\"more-link\">Continue reading<span class=\"screen-reader-text\"> &#8222;Menu&#8220;<\/span><\/a><\/p>\n","protected":false},"author":1,"featured_media":0,"parent":0,"menu_order":3,"comment_status":"closed","ping_status":"closed","template":"","meta":{"footnotes":""},"class_list":["post-52","page","type-page","status-publish","hentry"],"_links":{"self":[{"href":"https:\/\/loewen-escholzmatt.ch\/index.php?rest_route=\/wp\/v2\/pages\/52","targetHints":{"allow":["GET"]}}],"collection":[{"href":"https:\/\/loewen-escholzmatt.ch\/index.php?rest_route=\/wp\/v2\/pages"}],"about":[{"href":"https:\/\/loewen-escholzmatt.ch\/index.php?rest_route=\/wp\/v2\/types\/page"}],"author":[{"embeddable":true,"href":"https:\/\/loewen-escholzmatt.ch\/index.php?rest_route=\/wp\/v2\/users\/1"}],"replies":[{"embeddable":true,"href":"https:\/\/loewen-escholzmatt.ch\/index.php?rest_route=%2Fwp%2Fv2%2Fcomments&post=52"}],"version-history":[{"count":3,"href":"https:\/\/loewen-escholzmatt.ch\/index.php?rest_route=\/wp\/v2\/pages\/52\/revisions"}],"predecessor-version":[{"id":586,"href":"https:\/\/loewen-escholzmatt.ch\/index.php?rest_route=\/wp\/v2\/pages\/52\/revisions\/586"}],"wp:attachment":[{"href":"https:\/\/loewen-escholzmatt.ch\/index.php?rest_route=%2Fwp%2Fv2%2Fmedia&parent=52"}],"curies":[{"name":"wp","href":"https:\/\/api.w.org\/{rel}","templated":true}]}}