{"id":151,"date":"2023-06-27T18:39:29","date_gmt":"2023-06-27T17:39:29","guid":{"rendered":"https:\/\/loewen-escholzmatt.ch\/?page_id=151"},"modified":"2023-12-01T08:32:37","modified_gmt":"2023-12-01T07:32:37","slug":"offene-stellen-2","status":"publish","type":"page","link":"https:\/\/loewen-escholzmatt.ch\/?page_id=151","title":{"rendered":"Offene Stellen de"},"content":{"rendered":"\n    \n    <section class=\"u-clearfix u-section-2\" id=\"sec-05ae\">\n      <div class=\"u-clearfix u-sheet u-sheet-1\">\n        <h1 class=\"u-custom-font u-font-raleway u-text u-text-default u-text-1\" data-lang-de=\"Offene Stellen\" data-lang-en=\"Jobs\">Offene Stellen<\/h1>\n        <p class=\"u-custom-font u-font-raleway u-text u-text-default u-text-2\" data-lang-de=\" Zurzeit sind wir auf der Suche nach zwei Aushilfen im Service f\u00fcr tempor\u00e4re Eins\u00e4tze.&amp;nbsp;<br>\n          <br>Bei Interesse und mehr Informationen bitte bei&amp;nbsp;Herrn Lauber Junior unter der folgenden Telefonnummer melden;\n        \" data-lang-en=\"\u200bWe are currently looking for two temporary service assistants.&amp;nbsp;<br><br>If you are interested and would like more information, please contact Mr. Lauber Junior at the following phone number:\"> Zurzeit sind wir auf der Suche nach zwei Aushilfen im Service f\u00fcr tempor\u00e4re Eins\u00e4tze.&nbsp;<br>\n          <br>Bei Interesse und mehr Informationen bitte bei&nbsp;Herrn Lauber Junior unter der folgenden Telefonnummer melden; \n        <\/p>\n        <a href=\"https:\/\/nicepage.com\" class=\"u-active-none u-bottom-left-radius-0 u-bottom-right-radius-0 u-btn u-btn-rectangle u-button-style u-hover-none u-none u-radius-0 u-top-left-radius-0 u-top-right-radius-0 u-btn-1\" data-lang-de=\"{&quot;content&quot;:&quot;<span class=\\&quot;u-icon u-block-control\\&quot; style=\\&quot;\\&quot; data-block=\\&quot;15\\&quot;><svg xmlns=\\&quot;http:\/\/www.w3.org\/2000\/svg\\&quot; xmlns:xlink=\\&quot;http:\/\/www.w3.org\/1999\/xlink\\&quot; version=\\&quot;1.1\\&quot; xml:space=\\&quot;preserve\\&quot; class=\\&quot;u-svg-content\\&quot; viewBox=\\&quot;0 0 405.333 405.333\\&quot; x=\\&quot;0px\\&quot; y=\\&quot;0px\\&quot; style=\\&quot;width: 1em; height: 1em;\\&quot; data-color=\\&quot;#000000\\&quot;><path d=\\&quot;M373.333,266.88c-25.003,0-49.493-3.904-72.704-11.563c-11.328-3.904-24.192-0.896-31.637,6.699l-46.016,34.752    c-52.8-28.181-86.592-61.952-114.389-114.368l33.813-44.928c8.512-8.512,11.563-20.971,7.915-32.64    C142.592,81.472,138.667,56.96,138.667,32c0-17.643-14.357-32-32-32H32C14.357,0,0,14.357,0,32    c0,205.845,167.488,373.333,373.333,373.333c17.643,0,32-14.357,32-32V298.88C405.333,281.237,390.976,266.88,373.333,266.88z\\&quot;><\/path><\/svg><\/span>&amp;nbsp;+41(0) 41 486 12 06\\n        &quot;,&quot;href&quot;:&quot;https:\/\/nicepage.com&quot;}\" data-lang-en=\"{&quot;content&quot;:&quot;<span class=\\&quot; u-icon\\&quot; style=\\&quot;\\&quot;><svg xmlns=\\&quot;http:\/\/www.w3.org\/2000\/svg\\&quot; xmlns:xlink=\\&quot;http:\/\/www.w3.org\/1999\/xlink\\&quot; version=\\&quot;1.1\\&quot; xml:space=\\&quot;preserve\\&quot; class=\\&quot;u-svg-content\\&quot; viewBox=\\&quot;0 0 405.333 405.333\\&quot; x=\\&quot;0px\\&quot; y=\\&quot;0px\\&quot; style=\\&quot;width: 1em; height: 1em;\\&quot; data-color=\\&quot;#000000\\&quot;><path d=\\&quot;M373.333,266.88c-25.003,0-49.493-3.904-72.704-11.563c-11.328-3.904-24.192-0.896-31.637,6.699l-46.016,34.752    c-52.8-28.181-86.592-61.952-114.389-114.368l33.813-44.928c8.512-8.512,11.563-20.971,7.915-32.64    C142.592,81.472,138.667,56.96,138.667,32c0-17.643-14.357-32-32-32H32C14.357,0,0,14.357,0,32    c0,205.845,167.488,373.333,373.333,373.333c17.643,0,32-14.357,32-32V298.88C405.333,281.237,390.976,266.88,373.333,266.88z\\&quot;><\/path><\/svg><\/span>&amp;nbsp;+41(0) 41 486 12 06\\n        &quot;,&quot;href&quot;:&quot;https:\/\/nicepage.com&quot;}\"><span class=\"u-icon\"><svg class=\"u-svg-content\" viewBox=\"0 0 405.333 405.333\" x=\"0px\" y=\"0px\" style=\"width: 1em; height: 1em;\"><path d=\"M373.333,266.88c-25.003,0-49.493-3.904-72.704-11.563c-11.328-3.904-24.192-0.896-31.637,6.699l-46.016,34.752    c-52.8-28.181-86.592-61.952-114.389-114.368l33.813-44.928c8.512-8.512,11.563-20.971,7.915-32.64    C142.592,81.472,138.667,56.96,138.667,32c0-17.643-14.357-32-32-32H32C14.357,0,0,14.357,0,32    c0,205.845,167.488,373.333,373.333,373.333c17.643,0,32-14.357,32-32V298.88C405.333,281.237,390.976,266.88,373.333,266.88z\"><\/path><\/svg><\/span>&nbsp;+41(0) 41 486 12 06 \n        <\/a>\n      <\/div>\n    <\/section>\n    \n    \n    \n  \n","protected":false},"excerpt":{"rendered":"<p>Offene Stellen Zurzeit sind wir auf der Suche nach zwei Aushilfen im Service f\u00fcr tempor\u00e4re Eins\u00e4tze.&nbsp; Bei Interesse und mehr Informationen bitte bei&nbsp;Herrn Lauber Junior unter der folgenden Telefonnummer melden; &nbsp;+41(0) 41 486 12 06<\/p>\n","protected":false},"author":1,"featured_media":0,"parent":0,"menu_order":12,"comment_status":"closed","ping_status":"closed","template":"","meta":{"footnotes":""},"class_list":["post-151","page","type-page","status-publish","hentry"],"_links":{"self":[{"href":"https:\/\/loewen-escholzmatt.ch\/index.php?rest_route=\/wp\/v2\/pages\/151","targetHints":{"allow":["GET"]}}],"collection":[{"href":"https:\/\/loewen-escholzmatt.ch\/index.php?rest_route=\/wp\/v2\/pages"}],"about":[{"href":"https:\/\/loewen-escholzmatt.ch\/index.php?rest_route=\/wp\/v2\/types\/page"}],"author":[{"embeddable":true,"href":"https:\/\/loewen-escholzmatt.ch\/index.php?rest_route=\/wp\/v2\/users\/1"}],"replies":[{"embeddable":true,"href":"https:\/\/loewen-escholzmatt.ch\/index.php?rest_route=%2Fwp%2Fv2%2Fcomments&post=151"}],"version-history":[{"count":3,"href":"https:\/\/loewen-escholzmatt.ch\/index.php?rest_route=\/wp\/v2\/pages\/151\/revisions"}],"predecessor-version":[{"id":264,"href":"https:\/\/loewen-escholzmatt.ch\/index.php?rest_route=\/wp\/v2\/pages\/151\/revisions\/264"}],"wp:attachment":[{"href":"https:\/\/loewen-escholzmatt.ch\/index.php?rest_route=%2Fwp%2Fv2%2Fmedia&parent=151"}],"curies":[{"name":"wp","href":"https:\/\/api.w.org\/{rel}","templated":true}]}}