{"id":150,"date":"2023-06-27T18:39:28","date_gmt":"2023-06-27T17:39:28","guid":{"rendered":"https:\/\/loewen-escholzmatt.ch\/?page_id=150"},"modified":"2025-12-21T17:34:36","modified_gmt":"2025-12-21T16:34:36","slug":"startseite-2","status":"publish","type":"page","link":"https:\/\/loewen-escholzmatt.ch\/","title":{"rendered":"Startseite"},"content":{"rendered":"\n    \n    <section class=\"u-align-left u-clearfix u-section-2\" id=\"carousel_560d\">\n      <div class=\"u-clearfix u-sheet u-sheet-1\">\n        <div class=\"u-shape u-shape-svg u-text-custom-color-1 u-shape-1\" data-animation-name=\"customAnimationIn\" data-animation-duration=\"1000\" data-animation-direction=\"Right\">\n          <svg class=\"u-svg-link\" preserveAspectRatio=\"none\" viewBox=\"0 0 160 150\" style=\"\"><use xmlns:xlink=\"http:\/\/www.w3.org\/1999\/xlink\" xlink:href=\"#svg-4d96\"><\/use><\/svg>\n          <svg xmlns=\"http:\/\/www.w3.org\/2000\/svg\" xmlns:xlink=\"http:\/\/www.w3.org\/1999\/xlink\" version=\"1.1\" xml:space=\"preserve\" class=\"u-svg-content\" viewBox=\"0 0 160 150\" x=\"0px\" y=\"0px\" id=\"svg-4d96\"><path d=\"M43.2,126.9c14.2,1.3,27.6,7,39.1,15.6c8.3,6.1,19.4,10.3,32.7,5.3c11.7-4.4,18.6-17.4,21-30.2c2.6-13.3,8.1-25.9,15.7-37.1\n\tc8.3-12.1,10.8-27.9,5.3-42.7C150.5,20.3,134.6,9,117,7.6C107.9,6.9,98.8,5,90.1,1.9C83-0.6,75-0.7,67.4,2.1\n\tc-9.9,3.7-17,11.6-20.1,21c-3.3,10.1-10.9,18-20.6,22.2c-0.1,0-0.1,0.1-0.2,0.1c-20.3,8.9-31,32-24.6,53.2\n\tC6.9,115.6,25.2,125.2,43.2,126.9z\"><\/path><\/svg>\n        <\/div>\n        <div class=\"data-layout-selected u-clearfix u-expanded-width u-gutter-32 u-layout-wrap u-layout-wrap-1\">\n          <div class=\"u-gutter-0 u-layout\" style=\"\">\n            <div class=\"u-layout-row\" style=\"\">\n              <div class=\"u-container-style u-layout-cell u-size-30 u-layout-cell-1\">\n                <div class=\"u-container-layout u-container-layout-1\">\n                  <h1 class=\"u-custom-font u-font-raleway u-text u-text-custom-color-1 u-text-1\" data-animation-name=\"fadeIn\" data-animation-duration=\"1000\" data-animation-direction=\"Left\" data-animation-delay=\"500\" data-lang-de=\"\n                  &lt;b&gt;&lt;span style=&quot;color: rgb(232, 25, 34);&quot;&gt;Her&lt;\/span&gt;\u200b&lt;span style=&quot;color: rgb(232, 25, 34);&quot;&gt;zlich&amp;nbsp;&lt;\/span&gt;&lt;br&gt;&lt;span style=&quot;color: rgb(232, 25, 34);&quot;&gt;Will&lt;\/span&gt;\u200b&lt;span style=&quot;color: rgb(232, 25, 34);&quot;&gt;kommen!&lt;\/span&gt;&lt;\/b&gt;\n                  \n                \" data-lang-en=\"&lt;font color=&quot;#e81922&quot;&gt;&lt;b&gt;Welcome!&lt;\/b&gt;&lt;\/font&gt;\"><b>\n                      <span style=\"color: rgb(232, 25, 34);\">Her<\/span>\n                      <span style=\"color: rgb(232, 25, 34);\">zlich&nbsp;<\/span>\n                      <br>\n                      <span style=\"color: rgb(232, 25, 34);\">Will<\/span>\n                      <span style=\"color: rgb(232, 25, 34);\">kommen!<\/span><\/b>\n                  <\/h1>\n                  <h2 class=\"u-custom-font u-font-raleway u-text u-text-2\" data-animation-name=\"customAnimationIn\" data-animation-duration=\"1000\" data-lang-de=\"im Hotel L\u00f6wen Escholzmatt\" data-lang-en=\"at Hotel L\u00f6wen Escholzmatt\">im Hotel L\u00f6wen Escholzmatt<\/h2>\n                  <h3 class=\"u-custom-font u-font-raleway u-text u-text-3\" data-lang-de=\" Der Landgasthof im Stil eines 3 Sterne-Hotels\" data-lang-en=\"\u200bThe country inn with the style of a 3-star hotel\"> Der Landgasthof im Stil eines 3 Sterne-Hotels<\/h3>\n                  <p class=\"u-align-justify u-custom-font u-font-raleway u-text u-text-4\" data-lang-de=\" Herzlich Willkommen im Landgasthaus L\u00f6wen bei Familie Lauber.&lt;br&gt;Wir sind kein Hotel, aber ein Traditionsgasthof mitten im Ort Escholzmatt in der Biosph\u00e4re Entlebuch mit Dorfbeiz als gem\u00fctlicher Treffpunkt mit frisch gezapften Bieren und dem romantischen Restaurant mit Kerzenschein und feinen Men\u00fcs. Dazu passend einen erlesenen Wein aus unserem gepflegtem Weinkeller.&lt;br&gt;Ob Sie Ihren Urlaub oder die Ferien bei uns verbringen m\u00f6chten oder auf Gesch\u00e4ftsreise sind, unsere Zimmer sind alle mit Dusche, WC, TV und Internet.&lt;br&gt;Die Festr\u00e4ume bieten den richtigen Rahmen f\u00fcr Hochzeiten, Tagungen und Familienfest aller Art.&lt;br&gt;\n                  &lt;br&gt;Unsere G\u00e4ste lieben unsere Sonnenterasse, Sch\u00f6nheitsanwendungen und Massagen, die Skifahrer den S\u00f6renberg, Motorradfahrer und Biker die Bergtouren.&lt;br&gt;\n                  &lt;br&gt;Landgasthof L\u00f6wen in Escholzmatt zwischen Wolhusen und Langnau im Emmental.&lt;br&gt;\n                  &lt;br&gt;Entlebucher Dorfbeiz &amp;amp; Restaurant mit feiner K\u00fcche und herzlichem Service&amp;nbsp;&lt;br&gt;zwischen Luzern und Bern.\n                \" data-lang-en=\"\u200bWelcome to the Country Inn L\u00f6wen with the Lauber family.&amp;nbsp;&lt;br&gt;&lt;br&gt;We are not a hotel, but a traditional inn located in the heart of Escholzmatt in the Entlebuch Biosphere, featuring a cozy village pub with freshly tapped beers and a romantic candlelit restaurant with fine menus. Enjoy a hand-picked wine from our well-maintained wine cellar to complement your meal.&amp;nbsp;&lt;br&gt;Whether you are on vacation, holiday, or a business trip, our rooms are all equipped with shower, toilet, TV, and internet access. Our banquet halls provide the perfect setting for weddings, conferences, and all types of family celebrations.&lt;br&gt;&lt;br&gt;Our guests adore our sunny terrace, beauty treatments, and massages. Skiers can enjoy the nearby S\u00f6renberg, while motorcyclists and bikers can explore the mountain tours.&amp;nbsp;&lt;br&gt;&lt;br&gt;L\u00f6wen Country Inn is located in Escholzmatt, between Wolhusen and Langnau in the Emmental region. It's the perfect village pub and restaurant in Entlebuch, offering fine cuisine and warm service between Lucerne and Bern.&quot;\"> Herzlich Willkommen im Landgasthaus L\u00f6wen bei Familie Lauber.<br>Wir sind kein Hotel, aber ein Traditionsgasthof mitten im Ort Escholzmatt in der Biosph\u00e4re Entlebuch mit Dorfbeiz als gem\u00fctlicher Treffpunkt mit frisch gezapften Bieren und dem romantischen Restaurant mit Kerzenschein und feinen Men\u00fcs. Dazu passend einen erlesenen Wein aus unserem gepflegtem Weinkeller.<br>Ob Sie Ihren Urlaub oder die Ferien bei uns verbringen m\u00f6chten oder auf Gesch\u00e4ftsreise sind, unsere Zimmer sind alle mit Dusche, WC, TV und Internet.<br>Die Festr\u00e4ume bieten den richtigen Rahmen f\u00fcr Hochzeiten, Tagungen und Familienfest aller Art.<br>\n                    <br>Unsere G\u00e4ste lieben unsere Sonnenterasse, Sch\u00f6nheitsanwendungen und Massagen, die Skifahrer den S\u00f6renberg, Motorradfahrer und Biker die Bergtouren.<br>\n                    <br>Landgasthof L\u00f6wen in Escholzmatt zwischen Wolhusen und Langnau im Emmental.<br>\n                    <br>Entlebucher Dorfbeiz &amp; Restaurant mit feiner K\u00fcche und herzlichem Service&nbsp;<br>zwischen Luzern und Bern. \n                  <\/p>\n                <\/div>\n              <\/div>\n              <div class=\"u-align-right u-container-style u-layout-cell u-size-30 u-layout-cell-2\">\n                <div class=\"u-container-layout u-container-layout-2\">\n                  <div class=\"u-image u-image-circle u-image-1\" data-animation-name=\"customAnimationIn\" data-animation-duration=\"1000\" data-animation-direction=\"Down\" data-animation-delay=\"500\" data-image-width=\"800\" data-image-height=\"533\" style=\"background-image: url(&quot;https:\/\/loewen-escholzmatt.ch\/wp-content\/uploads\/2023\/06\/DSC_0673-1.jpg&quot;);\"><\/div>\n                  <img decoding=\"async\" class=\"u-image u-image-circle u-image-2\" src=\"https:\/\/loewen-escholzmatt.ch\/wp-content\/uploads\/2023\/06\/front002-1.jpg\" alt=\"\" data-image-width=\"667\" data-image-height=\"444\" data-lang-de=\"\" data-lang-en=\"\">\n                <\/div>\n              <\/div>\n            <\/div>\n          <\/div>\n        <\/div>\n      <\/div>\n    <\/section>\n    <section class=\"u-align-center u-clearfix u-custom-color-1 u-section-3\" id=\"sec-0d31\">\n      <div class=\"u-clearfix u-sheet u-sheet-1\">\n        <h2 class=\"u-text u-text-default-lg u-text-default-md u-text-default-sm u-text-default-xl u-text-1\" data-lang-de=\"\u00d6ffnungszeiten\" data-lang-en=\"Opening hours\">\u00d6ffnungszeiten<\/h2>\n        <ul class=\"u-align-left u-custom-list u-text u-text-default-lg u-text-default-md u-text-default-xl u-text-white u-text-2\" data-lang-de=\"\n          &lt;li&gt;\n            &lt;div class=&quot;u-list-icon&quot; style=&quot;&quot;&gt;\n              &lt;div&gt;\u25a0&lt;\/div&gt;\n            &lt;\/div&gt;&lt;span style=&quot;font-size: 0.875rem;&quot;&gt;\u200bDienstag bis Samstag: 8.30 bis 11.00 Uhr | 16.00 bis 23.30 Uhr\n          &lt;\/span&gt;&lt;\/li&gt;\n          &lt;li&gt;\n            &lt;div class=&quot;u-list-icon&quot; style=&quot;&quot;&gt;\n              &lt;div&gt;\u25a0&lt;\/div&gt;\n            &lt;\/div&gt;&lt;\/li&gt;&lt;li&gt;&lt;span style=&quot;font-size: 0.875rem;&quot;&gt;Sonntag und Montag sind Ruhetage&lt;\/span&gt;&lt;span style=&quot;font-size: 0.875rem;&quot;&gt;\u200b&lt;\/span&gt;\n          &lt;\/li&gt;\n        \" data-lang-en=\"&lt;li&gt;&lt;div class=&quot; u-list-icon&quot; style=&quot;&quot;&gt;&lt;div&gt;\u25a0&lt;\/div&gt;&lt;\/div&gt;Tuesday to Saturday: \u200b&amp;nbsp;8.30 bis 11.00 A.M. | 16.00 bis 23.30 P.M.\u200b&lt;\/li&gt;&lt;li&gt;&lt;div class=&quot; u-list-icon&quot; style=&quot;&quot;&gt;&lt;div&gt;\u25a0&lt;\/div&gt;&lt;\/div&gt;Sunday and Monday are our days of rest.&lt;\/li&gt;\">\n          <li>\n            <div class=\"u-list-icon\">\n              <div>\u25a0<\/div>\n            <\/div>\n            <span style=\"font-size: 0.875rem;\"> Dienstag bis Samstag: 8.30 bis 11.00 Uhr | 16.00 bis 23.30 Uhr <\/span>\n          <\/li>\n          <li>\n            <div class=\"u-list-icon\">\n              <div>\u25a0<\/div>\n            <\/div>\n          <\/li>\n          <li>\n            <span style=\"font-size: 0.875rem;\">Sonntag und Montag sind Ruhetage<\/span>\n            <span style=\"font-size: 0.875rem;\"><\/span>\n          <\/li>\n        <\/ul>\n        <div class=\"u-container-style u-custom-color-2 u-group u-shape-rectangle u-group-1\">\n          <div class=\"u-container-layout u-container-layout-1\">\n            <h1 class=\"u-text u-text-default u-text-3\" data-lang-de=\"Ferien 2026\" data-lang-en=\"Holidays 2026\">Ferien 2026<\/h1>\n            <p class=\"u-text u-text-4\" data-lang-de=\"\u200bSonntag, 23. M\u00e4rz \u2013\nMontag, 30. M\u00e4rz&amp;nbsp;&lt;br&gt;Donnerstag, 16. April - Montag, 20. April&amp;nbsp;&lt;br&gt;Sonntag, 28. Juni \u2013\nMontag, 13. Juli&amp;nbsp;&lt;br&gt;Sonntag, 8. November \u2013\nMontag, 23. November&amp;nbsp;&lt;br&gt;Sonntag, 20. Dezember \u2013\nMontag, 4. Januar 2027\" data-lang-en=\"\u200bSunday, March 23 \u2013&amp;nbsp;Monday, March 30&lt;br&gt;\nThursday, April 16 \u2013 Monday, April 20&lt;br&gt;\nSunday, June 28 \u2013&amp;nbsp;Monday, July 13&lt;br&gt;\nSunday, November 8 \u2013&amp;nbsp;Monday, November 23&lt;br&gt;\nSunday, December 20 \u2013&amp;nbsp;Monday, January 4, 2027\"> Sonntag, 23. M\u00e4rz \u2013\nMontag, 30. M\u00e4rz&nbsp;<br>Donnerstag, 16. April - Montag, 20. April&nbsp;<br>Sonntag, 28. Juni \u2013\nMontag, 13. Juli&nbsp;<br>Sonntag, 8. November \u2013\nMontag, 23. November&nbsp;<br>Sonntag, 20. Dezember \u2013\nMontag, 4. Januar 2027\n            <\/p>\n            <span id=\"monica-writing-entry-btn-root\" style=\"position: absolute; left: 0px; top: 0px; pointer-events: none;\"><\/span>\n          <\/div>\n        <\/div>\n        <p class=\"u-align-left u-small-text u-text u-text-default-lg u-text-default-xl u-text-variant u-text-5\" data-lang-de=\"\u200bWir behalten uns das Recht vor, das Restaurant bei ausbleibenden G\u00e4sten fr\u00fcher zu schliessen.\" data-lang-en=\"\u200bWe reserve the right to close the restaurant earlier in case of insufficient guests.\"> Wir behalten uns das Recht vor, das Restaurant bei ausbleibenden G\u00e4sten fr\u00fcher zu schliessen.<\/p>\n      <\/div>\n    <\/section>\n    \n    \n    \n  \n","protected":false},"excerpt":{"rendered":"<p>Her zlich&nbsp; Will kommen! im Hotel L\u00f6wen Escholzmatt Der Landgasthof im Stil eines 3 Sterne-Hotels Herzlich Willkommen im Landgasthaus L\u00f6wen bei Familie Lauber.Wir sind kein Hotel, aber ein Traditionsgasthof mitten im Ort Escholzmatt in der Biosph\u00e4re Entlebuch mit Dorfbeiz als gem\u00fctlicher Treffpunkt mit frisch gezapften Bieren und dem romantischen Restaurant mit Kerzenschein und feinen Men\u00fcs. &hellip; <a href=\"https:\/\/loewen-escholzmatt.ch\/\" class=\"more-link\">Continue reading<span class=\"screen-reader-text\"> &#8222;Startseite&#8220;<\/span><\/a><\/p>\n","protected":false},"author":1,"featured_media":0,"parent":0,"menu_order":11,"comment_status":"closed","ping_status":"closed","template":"","meta":{"footnotes":""},"class_list":["post-150","page","type-page","status-publish","hentry"],"_links":{"self":[{"href":"https:\/\/loewen-escholzmatt.ch\/index.php?rest_route=\/wp\/v2\/pages\/150","targetHints":{"allow":["GET"]}}],"collection":[{"href":"https:\/\/loewen-escholzmatt.ch\/index.php?rest_route=\/wp\/v2\/pages"}],"about":[{"href":"https:\/\/loewen-escholzmatt.ch\/index.php?rest_route=\/wp\/v2\/types\/page"}],"author":[{"embeddable":true,"href":"https:\/\/loewen-escholzmatt.ch\/index.php?rest_route=\/wp\/v2\/users\/1"}],"replies":[{"embeddable":true,"href":"https:\/\/loewen-escholzmatt.ch\/index.php?rest_route=%2Fwp%2Fv2%2Fcomments&post=150"}],"version-history":[{"count":14,"href":"https:\/\/loewen-escholzmatt.ch\/index.php?rest_route=\/wp\/v2\/pages\/150\/revisions"}],"predecessor-version":[{"id":578,"href":"https:\/\/loewen-escholzmatt.ch\/index.php?rest_route=\/wp\/v2\/pages\/150\/revisions\/578"}],"wp:attachment":[{"href":"https:\/\/loewen-escholzmatt.ch\/index.php?rest_route=%2Fwp%2Fv2%2Fmedia&parent=150"}],"curies":[{"name":"wp","href":"https:\/\/api.w.org\/{rel}","templated":true}]}}