{"id":148,"date":"2023-06-27T18:39:26","date_gmt":"2023-06-27T17:39:26","guid":{"rendered":"https:\/\/loewen-escholzmatt.ch\/?page_id=148"},"modified":"2025-12-21T17:36:04","modified_gmt":"2025-12-21T16:36:04","slug":"veranstaltungen-2","status":"publish","type":"page","link":"https:\/\/loewen-escholzmatt.ch\/?page_id=148","title":{"rendered":"Veranstaltungen"},"content":{"rendered":"\n    \n    <section class=\"u-clearfix u-section-2\" id=\"sec-718f\">\n      <div class=\"u-clearfix u-sheet u-sheet-1\">\n        <h1 class=\"u-custom-font u-font-raleway u-text u-text-default u-text-1\" data-lang-de=\"Veranstaltungen 2026\" data-lang-en=\"\u200bMonthly card game 2026\">Veranstaltungen 2026<\/h1>\n        <p class=\"u-custom-font u-font-raleway u-text u-text-default u-text-2\" data-lang-de=\" Monatliches Jassen mit zugelostem Partner. 50% Preisberechtigt, mit Gutschein.&lt;br&gt;&amp;nbsp; &amp;nbsp;Jassleitung:&lt;br&gt;&amp;nbsp; &amp;nbsp;Alois M\u00fcller 076 386 61 96&lt;br&gt;&amp;nbsp; &amp;nbsp;E-Mail:&amp;nbsp;&lt;a href=&quot;mailto:almueller@bluewin.ch?subject=L%C3%B6wen-Jass%20Escholzmatt&quot; class=&quot;u-active-none u-border-none u-btn u-button-link u-button-style u-hover-none u-none u-text-palette-1-base u-btn-1 u-block-control&quot; style=&quot;background-image: none; padding-top: 0; padding-bottom: 0; padding-left: 0; padding-right: 0&quot; data-block=&quot;14&quot;&gt;almueller@bluewin.ch&lt;\/a&gt;&lt;br&gt;&lt;br&gt;&lt;br&gt;&lt;br&gt;&lt;br&gt;\n        \" data-lang-en=\"\u200bIn Hotel L\u00f6wen Escholzmatt, a monthly card game (Jassen) is organized. However, this page is not translated into English.\"> Monatliches Jassen mit zugelostem Partner. 50% Preisberechtigt, mit Gutschein.<br>&nbsp; &nbsp;Jassleitung:<br>&nbsp; &nbsp;Alois M\u00fcller 076 386 61 96<br>&nbsp; &nbsp;E-Mail:&nbsp;<a href=\"mailto:almueller@bluewin.ch?subject=L%C3%B6wen-Jass%20Escholzmatt\" class=\"u-active-none u-border-none u-btn u-button-link u-button-style u-hover-none u-none u-text-palette-1-base u-block-control u-btn-1\">almueller@bluewin.ch<\/a>\n          <br>\n          <br>\n          <br>\n          <br>\n          <br>\n        <\/p>\n        <div class=\"custom-expanded u-container-style u-custom-color-1 u-group u-radius-10 u-shape-round u-group-1\">\n          <div class=\"u-container-layout u-container-layout-1\">\n            <ul class=\"u-custom-font u-custom-list u-file-icon u-font-raleway u-text u-text-default u-text-white u-text-3\" data-lang-de=\"\n              &lt;li&gt;\n                &lt;div class=&quot;u-list-icon&quot; style=&quot;&quot;&gt;\n                  &lt;div style=&quot;font-size: 1.2em; margin: -1.2em;&quot;&gt;&#x2714;&lt;\/div&gt;\n                &lt;\/div&gt;\n                &lt;span style=&quot;font-weight: 700;&quot;&gt;30. Januar&lt;\/span&gt;\n                &lt;br&gt;L\u00f6wen-Jass Escholzmatt (Start 13.30 Uhr)&lt;br&gt;Jasseinsatz CHF 20.00\n              &lt;\/li&gt;\n              &lt;li&gt;\n                &lt;div class=&quot;u-list-icon&quot; style=&quot;&quot;&gt;\n                  &lt;div style=&quot;font-size: 1.2em; margin: -1.2em;&quot;&gt;&#x2714;&lt;\/div&gt;\n                &lt;\/div&gt;\n                &lt;span style=&quot;font-weight: 700;&quot;&gt;20. Februar&lt;\/span&gt;\n                &lt;br&gt;L\u00f6wen-Jass Escholzmatt (Start 13.30 Uhr)&lt;br&gt;Jasseinsatz CHF 20.00&lt;br&gt;\n              &lt;\/li&gt;\n              &lt;li&gt;\n                &lt;div class=&quot;u-list-icon&quot; style=&quot;&quot;&gt;\n                  &lt;div style=&quot;font-size: 1.2em; margin: -1.2em;&quot;&gt;&#x2714;&lt;\/div&gt;\n                &lt;\/div&gt;\n                &lt;span style=&quot;font-weight: 700;&quot;&gt;20. M\u00e4rz&lt;\/span&gt;\n                &lt;br&gt;L\u00f6wen-Jass Escholzmatt (Start 13.30 Uhr)&lt;br&gt;Jasseinsatz CHF 20.00&lt;\/li&gt;&lt;li&gt;&lt;div class=&quot;u-list-icon&quot; style=&quot;&quot;&gt;\n                  &lt;div style=&quot;font-size: 1.2em; margin: -1.2em;&quot;&gt;&#x2714;&lt;\/div&gt;\n                &lt;\/div&gt;&lt;span style=&quot;font-weight: 700;&quot;&gt;\u200b24. April&lt;\/span&gt;&lt;br&gt;L\u00f6wen-Jass Escholzmatt (Start 13.30 Uhr)&lt;br&gt;Jasseinsatz CHF 20.00&lt;\/li&gt;&lt;li&gt;&lt;div class=&quot;u-list-icon&quot; style=&quot;&quot;&gt;\n                  &lt;div style=&quot;font-size: 1.2em; margin: -1.2em;&quot;&gt;&#x2714;&lt;\/div&gt;\n                &lt;\/div&gt;&lt;\/li&gt;&lt;li style=&quot;&quot;&gt;&lt;span style=&quot;font-weight: 700;&quot;&gt;29. Mai&lt;\/span&gt;\n                &lt;br&gt;L\u00f6wen-Jass Escholzmatt (Start 13.30 Uhr)&lt;br&gt;Jasseinsatz CHF 20.00&lt;br&gt;\n              &lt;\/li&gt;\n              &lt;li&gt;\n                &lt;div class=&quot;u-list-icon&quot; style=&quot;&quot;&gt;\n                  &lt;div style=&quot;font-size: 1.2em; margin: -1.2em;&quot;&gt;&#x2714;&lt;\/div&gt;\n                &lt;\/div&gt;\n                &lt;span style=&quot;font-weight: 700;&quot;&gt;26. Juni&lt;\/span&gt;\n                &lt;br&gt;L\u00f6wen-Jass Escholzmatt (Start 13.30 Uhr)&lt;br&gt;Jasseinsatz CHF 20.00&lt;\/li&gt;\n            \" data-lang-en=\"&lt;li&gt;&lt;div class=&quot; u-list-icon&quot; style=&quot;&quot;&gt;&lt;div style=&quot;font-size: 1.2em; margin: -1.2em;&quot;&gt;&#x2714;&lt;\/div&gt;&lt;\/div&gt;&lt;span style=&quot;font-weight: 700;&quot;&gt;January 30&lt;\/span&gt;&lt;br&gt;\u200bLion-Jass Escholzmatt (Start at 1:30 PM) Jass entry fee CHF 20.00&lt;\/li&gt;&lt;li&gt;&lt;div class=&quot; u-list-icon&quot; style=&quot;&quot;&gt;&lt;div style=&quot;font-size: 1.2em; margin: -1.2em;&quot;&gt;&#x2714;&lt;\/div&gt;&lt;\/div&gt;&lt;span style=&quot;font-weight: 700;&quot;&gt;February 20&lt;\/span&gt;&lt;br&gt;Lion-Jass Escholzmatt (Start at 1:30 PM) Jass entry fee CHF 20.00&lt;\/li&gt;&lt;li&gt;&lt;div class=&quot; u-list-icon&quot; style=&quot;&quot;&gt;&lt;div style=&quot;font-size: 1.2em; margin: -1.2em;&quot;&gt;&#x2714;&lt;\/div&gt;&lt;\/div&gt;&lt;span style=&quot;font-weight: 700;&quot;&gt;March 20&lt;\/span&gt;&lt;br&gt;\u200bLion-Jass Escholzmatt (Start at 1:30 PM) Jass entry fee CHF 20.00&lt;br&gt;&lt;\/li&gt;&lt;li&gt;&lt;div class=&quot;u-block-a17e-14 u-list-icon&quot; style=&quot;&quot;&gt;&lt;div style=&quot;font-size: 1.2em; margin: -1.2em;&quot;&gt;&#x2714;&lt;\/div&gt;&lt;\/div&gt;&lt;span style=&quot;font-weight: 700;&quot;&gt;April 24&lt;\/span&gt;&lt;br&gt;\u200bLion-Jass Escholzmatt (Start at 1:30 PM) Jass entry fee CHF 20.00&lt;br&gt;&lt;\/li&gt;&lt;li&gt;&lt;div class=&quot; u-list-icon&quot; style=&quot;&quot;&gt;&lt;div style=&quot;font-size: 1.2em; margin: -1.2em;&quot;&gt;&#x2714;&lt;\/div&gt;&lt;\/div&gt;&lt;span style=&quot;font-weight: 700;&quot;&gt;May 29&lt;\/span&gt;&lt;br&gt;\u200bLion-Jass Escholzmatt (Start at 1:30 PM) Jass entry fee CHF 20.00&lt;br&gt;&lt;\/li&gt;&lt;li&gt;&lt;div class=&quot;u-block-a17e-16 u-list-icon&quot; style=&quot;&quot;&gt;&lt;div style=&quot;font-size: 1.2em; margin: -1.2em;&quot;&gt;&#x2714;&lt;\/div&gt;&lt;\/div&gt;&lt;span style=&quot;font-weight: 700;&quot;&gt;\u200bJune 26&lt;\/span&gt;&lt;br&gt;\u200bLion-Jass Escholzmatt (Start at 1:30 PM) Jass entry fee CHF 20.00&lt;\/li&gt;\">\n              <li>\n                <div class=\"u-list-icon\">\n                  <div style=\"font-size: 1.2em; margin: -1.2em;\">&#x2714;<\/div>\n                <\/div>\n                <span style=\"font-weight: 700;\">30. Januar<\/span>\n                <br>L\u00f6wen-Jass Escholzmatt (Start 13.30 Uhr)<br>Jasseinsatz CHF 20.00 \n              <\/li>\n              <li>\n                <div class=\"u-list-icon\">\n                  <div style=\"font-size: 1.2em; margin: -1.2em;\">&#x2714;<\/div>\n                <\/div>\n                <span style=\"font-weight: 700;\">20. Februar<\/span>\n                <br>L\u00f6wen-Jass Escholzmatt (Start 13.30 Uhr)<br>Jasseinsatz CHF 20.00<br>\n              <\/li>\n              <li>\n                <div class=\"u-list-icon\">\n                  <div style=\"font-size: 1.2em; margin: -1.2em;\">&#x2714;<\/div>\n                <\/div>\n                <span style=\"font-weight: 700;\">20. M\u00e4rz<\/span>\n                <br>L\u00f6wen-Jass Escholzmatt (Start 13.30 Uhr)<br>Jasseinsatz CHF 20.00\n              <\/li>\n              <li>\n                <div class=\"u-list-icon\">\n                  <div style=\"font-size: 1.2em; margin: -1.2em;\">&#x2714;<\/div>\n                <\/div>\n                <span style=\"font-weight: 700;\"> 24. April<\/span>\n                <br>L\u00f6wen-Jass Escholzmatt (Start 13.30 Uhr)<br>Jasseinsatz CHF 20.00\n              <\/li>\n              <li>\n                <div class=\"u-list-icon\">\n                  <div style=\"font-size: 1.2em; margin: -1.2em;\">&#x2714;<\/div>\n                <\/div>\n              <\/li>\n              <li style=\"\">\n                <span style=\"font-weight: 700;\">29. Mai<\/span>\n                <br>L\u00f6wen-Jass Escholzmatt (Start 13.30 Uhr)<br>Jasseinsatz CHF 20.00<br>\n              <\/li>\n              <li>\n                <div class=\"u-list-icon\">\n                  <div style=\"font-size: 1.2em; margin: -1.2em;\">&#x2714;<\/div>\n                <\/div>\n                <span style=\"font-weight: 700;\">26. Juni<\/span>\n                <br>L\u00f6wen-Jass Escholzmatt (Start 13.30 Uhr)<br>Jasseinsatz CHF 20.00\n              <\/li>\n            <\/ul>\n            <span id=\"monica-writing-entry-btn-root\" style=\"position: absolute; left: 0px; top: 0px; pointer-events: none;\"><\/span>\n            <span id=\"monica-writing-entry-btn-root\" style=\"position: absolute; left: 0px; top: 0px; pointer-events: none;\"><\/span>\n            <span id=\"monica-writing-entry-btn-root\" style=\"position: absolute; left: 0px; top: 0px; pointer-events: none;\"><\/span>\n          <\/div>\n        <\/div>\n        <div class=\"custom-expanded u-container-style u-custom-color-1 u-group u-radius-10 u-shape-round u-group-2\">\n          <div class=\"u-container-layout u-container-layout-2\">\n            <ul class=\"u-custom-font u-custom-list u-file-icon u-font-raleway u-text u-text-body-alt-color u-text-default u-text-4\" data-lang-de=\"\n              &lt;li&gt;\n                &lt;div class=&quot;u-list-icon&quot; style=&quot;&quot;&gt;\n                  &lt;div style=&quot;font-size: 1.2em; margin: -1.2em;&quot;&gt;&#x2714;&lt;\/div&gt;\n                &lt;\/div&gt;\n              &lt;\/li&gt;\n              &lt;li&gt;&lt;div class=&quot;u-list-icon&quot; style=&quot;&quot;&gt;\n                  &lt;div style=&quot;font-size: 1.2em; margin: -1.2em;&quot;&gt;&#x2714;&lt;\/div&gt;\n                &lt;\/div&gt;&lt;span style=&quot;font-weight: 700;&quot;&gt;24. Juli \n                \n                &lt;br&gt;&lt;span style=&quot;font-weight: 400;&quot;&gt;L\u00f6wen-Jass Escholzmatt (Start 13.30 Uhr)&lt;br&gt;Jasseinsatz CHF 20.00&lt;\/span&gt;&lt;\/span&gt;&lt;\/li&gt;&lt;li&gt;&lt;div class=&quot;u-list-icon&quot; style=&quot;&quot;&gt;\n                  &lt;div style=&quot;font-size: 1.2em; margin: -1.2em;&quot;&gt;&#x2714;&lt;\/div&gt;\n                &lt;\/div&gt;&lt;\/li&gt;&lt;li&gt;&lt;div class=&quot;u-list-icon&quot; style=&quot;&quot;&gt;\n                  &lt;div style=&quot;font-size: 1.2em; margin: -1.2em;&quot;&gt;&#x2714;&lt;\/div&gt;\n                &lt;\/div&gt;&lt;span style=&quot;font-weight: 700;&quot;&gt;28. August&lt;\/span&gt;&lt;\/li&gt;&lt;li&gt;L\u00f6wen-Jass Escholzmatt (Start \u200b13.30  Uhr)&lt;br&gt;Jasseinsatz CHF 20.00&lt;br&gt;\n              &lt;\/li&gt;\n              &lt;li&gt;\n                &lt;div class=&quot;u-list-icon&quot; style=&quot;&quot;&gt;\n                  &lt;div style=&quot;font-size: 1.2em; margin: -1.2em;&quot;&gt;&#x2714;&lt;\/div&gt;\n                &lt;\/div&gt;\n                &lt;span style=&quot;font-weight: 700;&quot;&gt;18. September&lt;\/span&gt;\n                &lt;br&gt;L\u00f6wen-Jass Escholzmatt (Start \u200b13.30  Uhr)&lt;br&gt;Jasseinsatz CHF 20.00&lt;br&gt;\n              &lt;\/li&gt;\n              &lt;li&gt;\n                &lt;div class=&quot;u-list-icon&quot; style=&quot;&quot;&gt;\n                  &lt;div style=&quot;font-size: 1.2em; margin: -1.2em;&quot;&gt;&#x2714;&lt;\/div&gt;\n                &lt;\/div&gt;\n                &lt;span style=&quot;font-weight: 700;&quot;&gt;30. Oktober&lt;\/span&gt;\n                &lt;br&gt;L\u00f6wen-Jass Escholzmatt (Start \u200b13.30  Uhr)&lt;span style=&quot;font-size: 1rem;&quot;&gt;\u200b\u200b&lt;\/span&gt;&lt;br&gt;Jasseinsatz CHF 20.00&lt;br&gt;\n              &lt;\/li&gt;\n              &lt;li&gt;\n                &lt;div class=&quot;u-list-icon&quot; style=&quot;&quot;&gt;\n                  &lt;div style=&quot;font-size: 1.2em; margin: -1.2em;&quot;&gt;&#x2714;&lt;\/div&gt;\n                &lt;\/div&gt;\n                &lt;span style=&quot;font-weight: 700;&quot;&gt;27. November&lt;\/span&gt;\n                &lt;br&gt;L\u00f6wen-Jass Escholzmatt (Start \u200b13.30  Uhr)&lt;br&gt;Jasseinsatz CHF 20.00&lt;br&gt;\n              &lt;\/li&gt;\n              &lt;li&gt;\n                &lt;div class=&quot;u-list-icon&quot; style=&quot;&quot;&gt;\n                  &lt;div style=&quot;font-size: 1.2em; margin: -1.2em;&quot;&gt;&#x2714;&lt;\/div&gt;\n                &lt;\/div&gt;\n                &lt;span style=&quot;font-weight: 700;&quot;&gt;18. Dezember&lt;\/span&gt;\n                &lt;br&gt;L\u00f6wen-Jass Escholzmatt (Start \u200b13.30  Uhr)&lt;br&gt;Jasseinsatz CHF 20.00&lt;br&gt;\n              &lt;\/li&gt;\n            \" data-lang-en=\"&lt;li&gt;&lt;div class=&quot; u-list-icon&quot; style=&quot;&quot;&gt;&lt;div style=&quot;font-size: 1.2em; margin: -1.2em;&quot;&gt;&#x2714;&lt;\/div&gt;&lt;\/div&gt;&lt;\/li&gt;&lt;li&gt;&lt;div class=&quot; u-list-icon&quot; style=&quot;&quot;&gt;&lt;div style=&quot;font-size: 1.2em; margin: -1.2em;&quot;&gt;&#x2714;&lt;\/div&gt;&lt;\/div&gt;&lt;span style=&quot;font-weight: 700;&quot;&gt;July 24&lt;br&gt;&lt;span style=&quot;font-weight: 400;&quot;&gt;Lion-Jass Escholzmatt (Start at 1:30 PM) Jass entry fee CHF 20.00&lt;\/span&gt;&lt;\/span&gt;&lt;\/li&gt;&lt;li&gt;&lt;div class=&quot; u-list-icon&quot; style=&quot;&quot;&gt;&lt;div style=&quot;font-size: 1.2em; margin: -1.2em;&quot;&gt;&#x2714;&lt;\/div&gt;&lt;\/div&gt;&lt;span style=&quot;font-weight: 700;&quot;&gt;August 28&lt;\/span&gt;&lt;\/li&gt;&lt;li&gt;\u200bLion-Jass Escholzmatt (Start at 1:30 PM) Jass entry fee CHF 20.00&lt;br&gt;&lt;\/li&gt;&lt;li&gt;&lt;div class=&quot; u-list-icon&quot; style=&quot;&quot;&gt;&lt;div style=&quot;font-size: 1.2em; margin: -1.2em;&quot;&gt;&#x2714;&lt;\/div&gt;&lt;\/div&gt;&lt;span style=&quot;font-weight: 700;&quot;&gt;September 18&lt;\/span&gt;&lt;br&gt;\u200bLion-Jass Escholzmatt (Start at 1:30 PM) Jass entry fee CHF 20.00&lt;br&gt;&lt;\/li&gt;&lt;li&gt;&lt;div class=&quot; u-list-icon&quot; style=&quot;&quot;&gt;&lt;div style=&quot;font-size: 1.2em; margin: -1.2em;&quot;&gt;&#x2714;&lt;\/div&gt;&lt;\/div&gt;&lt;span style=&quot;font-weight: 700;&quot;&gt;October 30&lt;\/span&gt;&lt;br&gt;\u200bLion-Jass Escholzmatt (Start at 1:30 PM) Jass entry fee CHF 20.00&lt;br&gt;&lt;\/li&gt;&lt;li&gt;&lt;div class=&quot; u-list-icon&quot; style=&quot;&quot;&gt;&lt;div style=&quot;font-size: 1.2em; margin: -1.2em;&quot;&gt;&#x2714;&lt;\/div&gt;&lt;\/div&gt;&lt;span style=&quot;font-weight: 700;&quot;&gt;November 27&lt;\/span&gt;&lt;br&gt;\u200bLion-Jass Escholzmatt (Start at 1:30 PM) Jass entry fee CHF 20.00&lt;br&gt;&lt;\/li&gt;&lt;li&gt;&lt;div class=&quot; u-list-icon&quot; style=&quot;&quot;&gt;&lt;div style=&quot;font-size: 1.2em; margin: -1.2em;&quot;&gt;&#x2714;&lt;\/div&gt;&lt;\/div&gt;&lt;span style=&quot;font-weight: 700;&quot;&gt;December 18&lt;\/span&gt;&lt;br&gt;\u200bLion-Jass Escholzmatt (Start at 1:30 PM) Jass entry fee CHF 20.00&lt;br&gt;&lt;\/li&gt;\">\n              <li>\n                <div class=\"u-list-icon\">\n                  <div style=\"font-size: 1.2em; margin: -1.2em;\">&#x2714;<\/div>\n                <\/div>\n              <\/li>\n              <li>\n                <div class=\"u-list-icon\">\n                  <div style=\"font-size: 1.2em; margin: -1.2em;\">&#x2714;<\/div>\n                <\/div>\n                <span style=\"font-weight: 700;\">24. Juli <br>\n                  <span style=\"font-weight: 400;\">L\u00f6wen-Jass Escholzmatt (Start 13.30 Uhr)<br>Jasseinsatz CHF 20.00\n                  <\/span>\n                <\/span>\n              <\/li>\n              <li>\n                <div class=\"u-list-icon\">\n                  <div style=\"font-size: 1.2em; margin: -1.2em;\">&#x2714;<\/div>\n                <\/div>\n              <\/li>\n              <li>\n                <div class=\"u-list-icon\">\n                  <div style=\"font-size: 1.2em; margin: -1.2em;\">&#x2714;<\/div>\n                <\/div>\n                <span style=\"font-weight: 700;\">28. August<\/span>\n              <\/li>\n              <li>L\u00f6wen-Jass Escholzmatt (Start \u200b13.30  Uhr)<br>Jasseinsatz CHF 20.00<br>\n              <\/li>\n              <li>\n                <div class=\"u-list-icon\">\n                  <div style=\"font-size: 1.2em; margin: -1.2em;\">&#x2714;<\/div>\n                <\/div>\n                <span style=\"font-weight: 700;\">18. September<\/span>\n                <br>L\u00f6wen-Jass Escholzmatt (Start \u200b13.30  Uhr)<br>Jasseinsatz CHF 20.00<br>\n              <\/li>\n              <li>\n                <div class=\"u-list-icon\">\n                  <div style=\"font-size: 1.2em; margin: -1.2em;\">&#x2714;<\/div>\n                <\/div>\n                <span style=\"font-weight: 700;\">30. Oktober<\/span>\n                <br>L\u00f6wen-Jass Escholzmatt (Start \u200b13.30  Uhr)<span style=\"font-size: 1rem;\"><\/span>\n                <br>Jasseinsatz CHF 20.00<br>\n              <\/li>\n              <li>\n                <div class=\"u-list-icon\">\n                  <div style=\"font-size: 1.2em; margin: -1.2em;\">&#x2714;<\/div>\n                <\/div>\n                <span style=\"font-weight: 700;\">27. November<\/span>\n                <br>L\u00f6wen-Jass Escholzmatt (Start \u200b13.30  Uhr)<br>Jasseinsatz CHF 20.00<br>\n              <\/li>\n              <li>\n                <div class=\"u-list-icon\">\n                  <div style=\"font-size: 1.2em; margin: -1.2em;\">&#x2714;<\/div>\n                <\/div>\n                <span style=\"font-weight: 700;\">18. Dezember<\/span>\n                <br>L\u00f6wen-Jass Escholzmatt (Start \u200b13.30  Uhr)<br>Jasseinsatz CHF 20.00<br>\n              <\/li>\n            <\/ul>\n            <span id=\"monica-writing-entry-btn-root\" style=\"position: absolute; left: 0px; top: 0px; pointer-events: none;\"><\/span>\n            <span id=\"monica-writing-entry-btn-root\" style=\"position: absolute; left: 0px; top: 0px; pointer-events: none;\"><\/span>\n          <\/div>\n        <\/div>\n        <div class=\"u-container-style u-group u-radius-20 u-shape-round u-white u-group-3\">\n          <div class=\"u-container-layout u-container-layout-3\">\n            <div class=\"custom-expanded u-container-style u-group u-shape-rectangle u-white u-group-4\">\n              <div class=\"u-container-layout u-container-layout-4\">\n                <h2 class=\"u-text u-text-5\" data-lang-de=\" HoHoHo De Samichlaus chonnt\" data-lang-en=\"\u200bHoHoHo De Samichlaus chonnt\"> HoHoHo De Samichlaus chonnt<\/h2>\n                <p class=\"u-align-justify u-custom-font u-font-raleway u-text u-text-6\" data-lang-de=\" Die&amp;nbsp;&lt;b&gt;5. und 6. Schulklasse&lt;\/b&gt;&amp;nbsp;aus Escholzmatt bieten eine wundervolle und unvergessliche Unterhaltung an.&lt;br&gt;Sie erz\u00e4hlen Weihnachtsgeschichten und singen Weihnachtslieder.&lt;br&gt;Der Samichlaus mit seinem Gefolge wird auch vorbeischauen.&lt;br&gt;Dazwischen werden Sie und Ihre G\u00e4ste mit einem feinen Essen verw\u00f6hnt.&lt;br&gt;\n                &lt;br&gt;&lt;b&gt;Haben wir Ihr Interesse geweckt?&lt;\/b&gt;&amp;nbsp;Gerne unterbreiten wir Ihnen ein attraktives Angebot.&lt;br&gt;Verwenden Sie dazu das Kontaktformular.\n              \" data-lang-en=\"\u200bThe 5th and 6th-grade students from Escholzmatt offer a wonderful and unforgettable entertainment. They will share Christmas stories and sing Christmas carols. Santa Claus and his entourage will also make an appearance. In between, you and your guests will be treated to a delicious meal.&amp;nbsp;\"> Die&nbsp;<b>5. und 6. Schulklasse<\/b>&nbsp;aus Escholzmatt bieten eine wundervolle und unvergessliche Unterhaltung an.<br>Sie erz\u00e4hlen Weihnachtsgeschichten und singen Weihnachtslieder.<br>Der Samichlaus mit seinem Gefolge wird auch vorbeischauen.<br>Dazwischen werden Sie und Ihre G\u00e4ste mit einem feinen Essen verw\u00f6hnt.<br>\n                  <br><b>Haben wir Ihr Interesse geweckt?<\/b>&nbsp;Gerne unterbreiten wir Ihnen ein attraktives Angebot.<br>Verwenden Sie dazu das Kontaktformular. \n                <\/p>\n              <\/div>\n            <\/div>\n            <img decoding=\"async\" class=\"u-image u-image-1\" src=\"https:\/\/loewen-escholzmatt.ch\/wp-content\/uploads\/2023\/06\/samichlaus-1.jpg\" data-image-width=\"1338\" data-image-height=\"1184\" data-lang-de=\"\" data-lang-en=\"\">\n          <\/div>\n        <\/div>\n        <span id=\"monica-writing-entry-btn-root\" style=\"position: absolute; left: 0px; top: 0px; pointer-events: none;\"><\/span>\n        <span id=\"monica-writing-entry-btn-root\" style=\"position: absolute; left: 0px; top: 0px; pointer-events: none;\"><\/span>\n      <\/div>\n    <\/section>\n    \n    \n    \n  \n","protected":false},"excerpt":{"rendered":"<p>Veranstaltungen 2026 Monatliches Jassen mit zugelostem Partner. 50% Preisberechtigt, mit Gutschein.&nbsp; &nbsp;Jassleitung:&nbsp; &nbsp;Alois M\u00fcller 076 386 61 96&nbsp; &nbsp;E-Mail:&nbsp;almueller@bluewin.ch &#x2714; 30. Januar L\u00f6wen-Jass Escholzmatt (Start 13.30 Uhr)Jasseinsatz CHF 20.00 &#x2714; 20. Februar L\u00f6wen-Jass Escholzmatt (Start 13.30 Uhr)Jasseinsatz CHF 20.00 &#x2714; 20. M\u00e4rz L\u00f6wen-Jass Escholzmatt (Start 13.30 Uhr)Jasseinsatz CHF 20.00 &#x2714; 24. April L\u00f6wen-Jass Escholzmatt (Start &hellip; <a href=\"https:\/\/loewen-escholzmatt.ch\/?page_id=148\" class=\"more-link\">Continue reading<span class=\"screen-reader-text\"> &#8222;Veranstaltungen&#8220;<\/span><\/a><\/p>\n","protected":false},"author":1,"featured_media":0,"parent":0,"menu_order":9,"comment_status":"closed","ping_status":"closed","template":"","meta":{"footnotes":""},"class_list":["post-148","page","type-page","status-publish","hentry"],"_links":{"self":[{"href":"https:\/\/loewen-escholzmatt.ch\/index.php?rest_route=\/wp\/v2\/pages\/148","targetHints":{"allow":["GET"]}}],"collection":[{"href":"https:\/\/loewen-escholzmatt.ch\/index.php?rest_route=\/wp\/v2\/pages"}],"about":[{"href":"https:\/\/loewen-escholzmatt.ch\/index.php?rest_route=\/wp\/v2\/types\/page"}],"author":[{"embeddable":true,"href":"https:\/\/loewen-escholzmatt.ch\/index.php?rest_route=\/wp\/v2\/users\/1"}],"replies":[{"embeddable":true,"href":"https:\/\/loewen-escholzmatt.ch\/index.php?rest_route=%2Fwp%2Fv2%2Fcomments&post=148"}],"version-history":[{"count":13,"href":"https:\/\/loewen-escholzmatt.ch\/index.php?rest_route=\/wp\/v2\/pages\/148\/revisions"}],"predecessor-version":[{"id":580,"href":"https:\/\/loewen-escholzmatt.ch\/index.php?rest_route=\/wp\/v2\/pages\/148\/revisions\/580"}],"wp:attachment":[{"href":"https:\/\/loewen-escholzmatt.ch\/index.php?rest_route=%2Fwp%2Fv2%2Fmedia&parent=148"}],"curies":[{"name":"wp","href":"https:\/\/api.w.org\/{rel}","templated":true}]}}