{"id":146,"date":"2023-06-27T18:39:24","date_gmt":"2023-06-27T17:39:24","guid":{"rendered":"https:\/\/loewen-escholzmatt.ch\/?page_id=146"},"modified":"2023-10-19T07:41:22","modified_gmt":"2023-10-19T06:41:22","slug":"restaurant-en-2","status":"publish","type":"page","link":"https:\/\/loewen-escholzmatt.ch\/?page_id=146","title":{"rendered":"Restaurant 2"},"content":{"rendered":"\n    \n    <section class=\"u-clearfix u-section-2\" id=\"sec-08d1\">\n      <div class=\"u-clearfix u-sheet u-sheet-1\">\n        <h1 class=\"u-text u-text-default u-text-1\" data-lang-de=\"Unsere R\u00e4umlichkeiten\" data-lang-en=\"Our rooms\">Unsere R\u00e4umlichkeiten<\/h1>\n      <\/div>\n    <\/section>\n    <section class=\"u-clearfix u-section-3\" id=\"sec-ca4b\">\n      <div class=\"u-clearfix u-sheet u-sheet-1\">\n        <div class=\"u-expanded-width u-list u-list-1\">\n          <div class=\"u-repeater u-repeater-1\">\n            <div class=\"u-container-style u-list-item u-repeater-item\">\n              <div class=\"u-container-layout u-similar-container u-container-layout-1\">\n                <img decoding=\"async\" alt=\"\" class=\"u-expanded-width u-image u-image-round u-radius-10 u-image-1\" data-image-width=\"800\" data-image-height=\"533\" src=\"https:\/\/loewen-escholzmatt.ch\/wp-content\/uploads\/2023\/06\/Dorfbeiz-1.jpg\">\n                <h3 class=\"u-text u-text-1\" data-lang-de=\"Dorfbeiz\" data-lang-en=\"Dorfbeiz\">Dorfbeiz<\/h3>\n                <p class=\"u-align-justify u-custom-font u-font-raleway u-text u-text-2\" data-lang-de=\"\u200bDie Dorfbeiz ist der Treffpunkt aller G\u00e4ste. Ob Jung oder Alt, alle kehren hier gerne ein und geniessen die gem\u00fctliche Atmosph\u00e4re. Bis zu 40 Pl\u00e4tze. Hier darf geraucht werden. Alle anderen R\u00e4ume im L\u00f6wen Escholzmatt sind rauchfrei.\" data-lang-en=\"\u200bOur \u201cDorfbeiz\u201d is the meeting point of all guests. Whether young or old, everyone likes to come here and enjoy the cozy atmosphere. Up to 40 seats.<br>Here you are allowed to smoke. All other rooms in the L\u00f6wen Escholzmatt are non-smoking.\"> Die Dorfbeiz ist der Treffpunkt aller G\u00e4ste. Ob Jung oder Alt, alle kehren hier gerne ein und geniessen die gem\u00fctliche Atmosph\u00e4re. Bis zu 40 Pl\u00e4tze. Hier darf geraucht werden. Alle anderen R\u00e4ume im L\u00f6wen Escholzmatt sind rauchfrei.<\/p>\n              <\/div>\n            <\/div>\n            <div class=\"u-container-style u-list-item u-repeater-item\">\n              <div class=\"u-container-layout u-similar-container u-container-layout-2\">\n                <img decoding=\"async\" alt=\"\" class=\"u-expanded-width u-image u-image-round u-radius-10 u-image-2\" data-image-width=\"800\" data-image-height=\"533\" src=\"https:\/\/loewen-escholzmatt.ch\/wp-content\/uploads\/2023\/06\/Schybistube1-1.jpg\">\n                <h3 class=\"u-text u-text-3\" data-lang-de=\"Schybi-Stube\" data-lang-en=\"Schybi-Stube\">Schybi-Stube<\/h3>\n                <p class=\"u-align-justify u-custom-font u-font-raleway u-text u-text-4\" data-lang-de=\"\u200bIm wundersch\u00f6nen Speises\u00e4li \u00abSchybi-Stube\u00bb finden 20 Personen Platz, um sich von der kulinarischen und vielseitigen K\u00fcche des Hotels L\u00f6wen verw\u00f6hnen zu lassen. Wir servieren Ihnen gerne verschiedene Saisonspezialit\u00e4ten und K\u00f6stlichkeiten aus K\u00fcche und Keller. Das S\u00e4li eignet sich auch hervorragend f\u00fcr gesch\u00e4ftliche Verabredungen. Nichtraucher. Die Schybi-Stube l\u00e4sst sich mit der Leue-Stube kombinieren (bis zu 80 Pl\u00e4tze).\" data-lang-en=\"\u200bIn the beautiful dining room &quot;Schybi-Stube&quot; is room for 20 people to enjoy the culinary and varied cuisine of the Hotel L\u00f6wen. We are happy to serve you various seasonal specialties and delicacies from the kitchen and cellar. The &quot;S\u00e4li&quot; is also ideal for business appointments. Non smoking. The Schybi-Stube can be combined with the &quot;Leue-Stube&quot; (up to 80 people).\"> Im wundersch\u00f6nen Speises\u00e4li \u00abSchybi-Stube\u00bb finden 20 Personen Platz, um sich von der kulinarischen und vielseitigen K\u00fcche des Hotels L\u00f6wen verw\u00f6hnen zu lassen. Wir servieren Ihnen gerne verschiedene Saisonspezialit\u00e4ten und K\u00f6stlichkeiten aus K\u00fcche und Keller. Das S\u00e4li eignet sich auch hervorragend f\u00fcr gesch\u00e4ftliche Verabredungen. Nichtraucher. Die Schybi-Stube l\u00e4sst sich mit der Leue-Stube kombinieren (bis zu 80 Pl\u00e4tze).<\/p>\n              <\/div>\n            <\/div>\n            <div class=\"u-container-style u-list-item u-repeater-item\">\n              <div class=\"u-container-layout u-similar-container u-container-layout-3\">\n                <img decoding=\"async\" alt=\"\" class=\"u-expanded-width u-image u-image-round u-radius-10 u-image-3\" data-image-width=\"800\" data-image-height=\"533\" src=\"https:\/\/loewen-escholzmatt.ch\/wp-content\/uploads\/2023\/06\/Leue_Stube1-1.jpg\">\n                <h3 class=\"u-text u-text-5\" data-lang-de=\"Leue-Stube\" data-lang-en=\"Leue-Stube\">Leue-Stube<\/h3>\n                <p class=\"u-align-justify u-custom-font u-font-raleway u-text u-text-6\" data-lang-de=\"\u200bDie Leue-Stube (60 Pl\u00e4tze) kann mit der Schybi-Stube kombiniert werden. Zusammen mit der Schybi-Stube hat es Platz f\u00fcr bis zu 80 Personen.\" data-lang-en=\"\u200bThe &quot;Leue-Stube&quot; (60 seats) can be combined with the &quot;Schybi-Stube&quot;. Together with the &quot;Schybi-Stube&quot; it can accommodate up to 80 people.\"> Die Leue-Stube (60 Pl\u00e4tze) kann mit der Schybi-Stube kombiniert werden. Zusammen mit der Schybi-Stube hat es Platz f\u00fcr bis zu 80 Personen.<\/p>\n              <\/div>\n            <\/div>\n          <\/div>\n        <\/div>\n        <div class=\"u-opacity u-opacity-20 u-shape u-shape-svg u-text-custom-color-1 u-shape-1\">\n          <svg class=\"u-svg-link\" preserveAspectRatio=\"none\" viewBox=\"0 0 160 130\" style=\"\"><use xmlns:xlink=\"http:\/\/www.w3.org\/1999\/xlink\" xlink:href=\"#svg-5f13\"><\/use><\/svg>\n          <svg class=\"u-svg-content\" viewBox=\"0 0 160 130\" x=\"0px\" y=\"0px\" id=\"svg-5f13\" style=\"enable-background:new 0 0 160 130;\"><path d=\"M141.6,99.5c0.3-0.5,0.6-0.9,0.9-1.4c11.8-19.2,26.1-51.9,10.8-73.1C137.2,2.7,104.7-1.6,80.9,0.5\n\tC57.8,2.6,35.2,12.2,16.8,28.2C4,39.3-10.7,68.6,11.4,78.1c13.6,5.8,26.8,13,38.5,22.7c12,10,20.6,22.9,35.7,27.5\n\tC108.6,135.2,128.6,119.9,141.6,99.5L141.6,99.5z\"><\/path><\/svg>\n        <\/div>\n        <div class=\"u-expanded-width u-list u-list-2\">\n          <div class=\"u-repeater u-repeater-2\">\n            <div class=\"u-container-style u-list-item u-repeater-item\">\n              <div class=\"u-container-layout u-similar-container u-container-layout-4\">\n                <img decoding=\"async\" alt=\"\" class=\"u-expanded-width u-image u-image-round u-radius-10 u-image-4\" data-image-width=\"800\" data-image-height=\"533\" src=\"https:\/\/loewen-escholzmatt.ch\/wp-content\/uploads\/2023\/06\/Gerichtsstube1-1.jpg\">\n                <h3 class=\"u-text u-text-default u-text-7\" data-lang-de=\"Gerichts-Stube\" data-lang-en=\"Gerichts-Stube\">Gerichts-Stube<\/h3>\n                <p class=\"u-align-justify u-custom-font u-font-raleway u-text u-text-8\" data-lang-de=\"\u200bDie Gerichts-Stube empfehlen wir f\u00fcr gesch\u00e4ftliche Verabredungen, Firmenessen oder Versammlungen von kleineren Gruppen bis zu 30 Personen. Gerne verw\u00f6hnen wir Sie mit verschiedenen Saisonspezialit\u00e4ten und K\u00f6stlichkeiten aus K\u00fcche und Keller. Nichtraucher.\" data-lang-en=\"\u200bThe &quot;Gerichts-Stube&quot; (courtroom) is recommended for business appointments, company dinners or meetings of smaller groups of up to 30 people. We are happy to indulge you with various seasonal specialties and delicacies from the kitchen and cellar. Non smoking.\"> Die Gerichts-Stube empfehlen wir f\u00fcr gesch\u00e4ftliche Verabredungen, Firmenessen oder Versammlungen von kleineren Gruppen bis zu 30 Personen. Gerne verw\u00f6hnen wir Sie mit verschiedenen Saisonspezialit\u00e4ten und K\u00f6stlichkeiten aus K\u00fcche und Keller. Nichtraucher.<\/p>\n              <\/div>\n            <\/div>\n            <div class=\"u-container-style u-list-item u-repeater-item\">\n              <div class=\"u-container-layout u-similar-container u-container-layout-5\">\n                <img decoding=\"async\" alt=\"\" class=\"u-expanded-width u-image u-image-round u-radius-10 u-image-5\" data-image-width=\"800\" data-image-height=\"533\" src=\"https:\/\/loewen-escholzmatt.ch\/wp-content\/uploads\/2023\/06\/Stube1-1.jpg\">\n                <h3 class=\"u-text u-text-default u-text-9\" data-lang-de=\"Stube\" data-lang-en=\"Stube\">Stube<\/h3>\n                <p class=\"u-align-justify u-custom-font u-font-raleway u-text u-text-10\" data-lang-de=\"\u200bDie Stube eignet sich super f\u00fcr Vorstandssitzungen (20 Pl\u00e4tze). Sie kann mit der angrenzenden Gerichts-Stube kombiniert werden und bietet Platz bis zu 50 Personen. Nichtraucher.\" data-lang-en=\"\u200bThis room is great for board meetings (20 seats). It can be combined with the \u201eGerichts-Stube\u201c and can accommodate up to 50 people. Non smoking.\"> Die Stube eignet sich super f\u00fcr Vorstandssitzungen (20 Pl\u00e4tze). Sie kann mit der angrenzenden Gerichts-Stube kombiniert werden und bietet Platz bis zu 50 Personen. Nichtraucher.<\/p>\n              <\/div>\n            <\/div>\n          <\/div>\n        <\/div>\n        <div class=\"u-align-left u-container-style u-custom-color-2 u-group u-radius-50 u-shape-round u-group-1\">\n          <div class=\"u-container-layout u-valign-middle u-container-layout-6\">\n            <h5 class=\"u-align-center u-text u-text-11\" data-lang-de=\"Entlebucher Anzeiger, 24. M\u00e4rz 2023\">Entlebucher Anzeiger, 24. M\u00e4rz 2023<\/h5>\n            <p class=\"u-align-center u-text u-text-12\" data-lang-de=\"\u200bDer \u00fcber 100-j\u00e4hrige Saal des Hotels L\u00f6wen in Escholzmatt wurde abgebrochen. Mehr dar\u00fcber im Zeitungsartikel des Entlebuecher Anzeigers.\"> Der \u00fcber 100-j\u00e4hrige Saal des Hotels L\u00f6wen in Escholzmatt wurde abgebrochen. Mehr dar\u00fcber im Zeitungsartikel des Entlebuecher Anzeigers.<\/p>\n            <a href=\"https:\/\/loewen-escholzmatt.ch\/wp-content\/uploads\/2023\/10\/202303AbrissSaal.pdf\" class=\"u-align-center u-border-2 u-border-white u-btn u-button-style u-file-link u-hover-custom-color-2 u-hover-feature u-text-white u-btn-1\" data-lang-de=\"{&quot;content&quot;:&quot;Mehr anzeigen&amp;nbsp;<span class=\\&quot;u-icon u-block-control u-text-palette-1-dark-2\\&quot; data-block=\\&quot;80\\&quot;><svg xmlns=\\&quot;http:\/\/www.w3.org\/2000\/svg\\&quot; xmlns:xlink=\\&quot;http:\/\/www.w3.org\/1999\/xlink\\&quot; version=\\&quot;1.1\\&quot; xml:space=\\&quot;preserve\\&quot; class=\\&quot;u-svg-content\\&quot; viewBox=\\&quot;0 0 512 512\\&quot; x=\\&quot;0px\\&quot; y=\\&quot;0px\\&quot; style=\\&quot;width: 1em; height: 1em;\\&quot; data-color=\\&quot;#000000\\&quot;><path d=\\&quot;M441.156,322.876l-48.666-47.386c-3.319-3.243-8.619-3.234-11.93,0.017l-81.894,80.299V8.533 c0-4.71-3.823-8.533-8.533-8.533h-68.267c-4.71,0-8.533,3.823-8.533,8.533v347.273l-81.894-80.299    c-3.311-3.243-8.602-3.251-11.921-0.017l-48.666,47.386c-1.655,1.604-2.586,3.806-2.586,6.11c0,2.304,0.939,4.506,2.586,6.11 l179.2,174.481c1.655,1.613,3.806,2.423,5.948,2.423c2.15,0,4.292-0.811,5.956-2.423l179.2-174.481 c1.647-1.604,2.577-3.806,2.577-6.11C443.733,326.682,442.803,324.48,441.156,322.876z\\&quot;><\/path><\/svg><img><\/span>\u200b&quot;,&quot;href&quot;:&quot;https:\/\/nicepage.com\/html-templates&quot;}\" target=\"_blank\">PDF&nbsp; HERUNTERLADEN<\/a>\n          <\/div>\n        <\/div>\n      <\/div>\n      \n    <\/section>\n    \n    \n    \n  \n","protected":false},"excerpt":{"rendered":"<p>Unsere R\u00e4umlichkeiten Dorfbeiz Die Dorfbeiz ist der Treffpunkt aller G\u00e4ste. Ob Jung oder Alt, alle kehren hier gerne ein und geniessen die gem\u00fctliche Atmosph\u00e4re. Bis zu 40 Pl\u00e4tze. Hier darf geraucht werden. Alle anderen R\u00e4ume im L\u00f6wen Escholzmatt sind rauchfrei. Schybi-Stube Im wundersch\u00f6nen Speises\u00e4li \u00abSchybi-Stube\u00bb finden 20 Personen Platz, um sich von der kulinarischen und &hellip; <a href=\"https:\/\/loewen-escholzmatt.ch\/?page_id=146\" class=\"more-link\">Continue reading<span class=\"screen-reader-text\"> &#8222;Restaurant 2&#8220;<\/span><\/a><\/p>\n","protected":false},"author":1,"featured_media":0,"parent":0,"menu_order":7,"comment_status":"closed","ping_status":"closed","template":"","meta":{"footnotes":""},"class_list":["post-146","page","type-page","status-publish","hentry"],"_links":{"self":[{"href":"https:\/\/loewen-escholzmatt.ch\/index.php?rest_route=\/wp\/v2\/pages\/146","targetHints":{"allow":["GET"]}}],"collection":[{"href":"https:\/\/loewen-escholzmatt.ch\/index.php?rest_route=\/wp\/v2\/pages"}],"about":[{"href":"https:\/\/loewen-escholzmatt.ch\/index.php?rest_route=\/wp\/v2\/types\/page"}],"author":[{"embeddable":true,"href":"https:\/\/loewen-escholzmatt.ch\/index.php?rest_route=\/wp\/v2\/users\/1"}],"replies":[{"embeddable":true,"href":"https:\/\/loewen-escholzmatt.ch\/index.php?rest_route=%2Fwp%2Fv2%2Fcomments&post=146"}],"version-history":[{"count":5,"href":"https:\/\/loewen-escholzmatt.ch\/index.php?rest_route=\/wp\/v2\/pages\/146\/revisions"}],"predecessor-version":[{"id":398,"href":"https:\/\/loewen-escholzmatt.ch\/index.php?rest_route=\/wp\/v2\/pages\/146\/revisions\/398"}],"wp:attachment":[{"href":"https:\/\/loewen-escholzmatt.ch\/index.php?rest_route=%2Fwp%2Fv2%2Fmedia&parent=146"}],"curies":[{"name":"wp","href":"https:\/\/api.w.org\/{rel}","templated":true}]}}