{"id":144,"date":"2023-06-27T18:39:22","date_gmt":"2023-06-27T17:39:22","guid":{"rendered":"https:\/\/loewen-escholzmatt.ch\/?page_id=144"},"modified":"2023-06-27T18:39:32","modified_gmt":"2023-06-27T17:39:32","slug":"kontakt-2","status":"publish","type":"page","link":"https:\/\/loewen-escholzmatt.ch\/?page_id=144","title":{"rendered":"Kontakt"},"content":{"rendered":"\n  \n    <section class=\"u-clearfix u-section-1\" id=\"sec-b0cf\">\n      <div class=\"u-clearfix u-sheet u-sheet-1\"><\/div>\n    <\/section>\n    <section class=\"u-align-center u-clearfix u-section-2\" id=\"sec-33f4\">\n      <div class=\"u-clearfix u-sheet u-sheet-1\">\n        <div class=\"u-clearfix u-expanded-width u-gutter-10 u-layout-wrap u-layout-wrap-1\">\n          <div class=\"u-gutter-0 u-layout\">\n            <div class=\"u-layout-row\">\n              <div class=\"u-size-30\">\n                <div class=\"u-layout-col\">\n                  <div class=\"u-container-style u-layout-cell u-left-cell u-size-30 u-layout-cell-1\">\n                    <div class=\"u-container-layout u-container-layout-1\">\n                      <h2 class=\"u-align-left u-text u-text-1\" data-lang-de=\"Kontakt\" data-lang-en=\"Contact\">Kontakt<\/h2>\n                      <p class=\"u-align-justify u-custom-font u-font-raleway u-text u-text-2\" data-lang-de=\"\u200bF\u00fcr weitere Fragen oder Buchungen z\u00f6gern Sie bitte nicht, uns per Telefon, E-Mail oder \u00fcber unser Kontaktformular zu kontaktieren, wir stehen Ihnen gerne zur Verf\u00fcgung.\" data-lang-en=\"\u200bWould you like to make a booking or do you have any questions? We are available to assist you by phone or email.\"> F\u00fcr weitere Fragen oder Buchungen z\u00f6gern Sie bitte nicht, uns per Telefon, E-Mail oder \u00fcber unser Kontaktformular zu kontaktieren, wir stehen Ihnen gerne zur Verf\u00fcgung.<\/p>\n                    <\/div>\n                  <\/div>\n                  <div class=\"u-align-left u-container-style u-layout-cell u-left-cell u-size-30 u-layout-cell-2\">\n                    <div class=\"u-container-layout u-valign-top u-container-layout-2\">\n                      <div class=\"u-form u-form-1\">\n                        <form action=\"https:\/\/forms.nicepagesrv.com\/v2\/form\/process\" class=\"u-clearfix u-form-spacing-10 u-form-vertical u-inner-form\" style=\"padding: 10px\" source=\"email\" name=\"form-5\">\n                          <div class=\"u-form-group u-form-name u-label-none\">\n                            <label class=\"u-label\" data-lang-de=\"Name\" data-lang-en=\"Name\">Name<\/label>\n                            <input type=\"text\" placeholder=\"Name\" id=\"name-5359\" name=\"name\" class=\"u-border-1 u-border-grey-30 u-input u-input-rectangle\" required=\"\" data-lang-de=\"Name\" data-lang-en=\"Name\">\n                          <\/div>\n                          <div class=\"u-form-group u-form-phone u-label-none u-form-group-2\">\n                            <label class=\"u-label\" data-lang-de=\"Handynummer\" data-lang-en=\"Handynummer\">Handynummer<\/label>\n                            <input type=\"tel\" placeholder=\"Phone number\" id=\"phone-eafe\" name=\"phone\" class=\"u-border-1 u-border-grey-30 u-input u-input-rectangle\" required=\"\" data-lang-de=\"Phone number\" data-lang-en=\"Phone number\">\n                          <\/div>\n                          <div class=\"u-form-email u-form-group u-label-none\">\n                            <label class=\"u-label\" data-lang-de=\"Email\" data-lang-en=\"Email\">Email<\/label>\n                            <input type=\"email\" placeholder=\"E-mail\" id=\"email-5359\" name=\"email\" class=\"u-border-1 u-border-grey-30 u-input u-input-rectangle\" required=\"\" data-lang-de=\"E-mail\" data-lang-en=\"E-mail\">\n                          <\/div>\n                          <div class=\"u-form-group u-form-message u-label-none\">\n                            <label class=\"u-label\" data-lang-de=\"Address\" data-lang-en=\"Address\">Address<\/label>\n                            <textarea placeholder=\"Address\" id=\"message-5359\" name=\"message\" class=\"u-border-1 u-border-grey-30 u-input u-input-rectangle\" required=\"\" data-lang-de=\"Address\" data-lang-en=\"Address\"><\/textarea>\n                          <\/div>\n                          <div class=\"u-form-group u-form-submit\">\n                            <a href=\"#\" class=\"u-border-none u-btn u-btn-submit u-button-style u-custom-color-1 u-btn-1\" data-lang-de=\"{&quot;content&quot;:&quot;\u200b<span class=&quot;u-file-icon u-icon u-text-white u-block-control u-icon-1&quot; data-block=&quot;734&quot; style=&quot;font-size: 1.375em&quot;><img src=&quot;https:\/\/loewen-escholzmatt.ch\/wp-content\/uploads\/2023\/06\/5dfa0eef-1.png&quot; alt=&quot;&quot; data-original-src=&quot;np:\/\/user.desktop.nicepage.com\/Site_72804532\/images\/3447637.png&quot; data-color=&quot;#000000&quot;><\/span>&amp;nbsp;Send<br>&quot;,&quot;href&quot;:&quot;#&quot;}\" data-lang-en=\"{&quot;content&quot;:&quot;\u200b<span class=&quot;u-icon-1 u-file-icon u-icon u-text-white&quot; style=&quot;font-size: 1.375em&quot;><img src=&quot;https:\/\/loewen-escholzmatt.ch\/wp-content\/uploads\/2023\/06\/5dfa0eef-1.png&quot; alt=&quot;&quot; data-original-src=&quot;np:\/\/user.desktop.nicepage.com\/Site_72804532\/images\/3447637.png&quot; data-color=&quot;#000000&quot;><\/span>&amp;nbsp;Send<br>&quot;,&quot;href&quot;:&quot;#&quot;}\"><span class=\"u-file-icon u-icon u-text-white u-icon-1\"><img decoding=\"async\" src=\"https:\/\/loewen-escholzmatt.ch\/wp-content\/uploads\/2023\/06\/5dfa0eef-1.png\" alt=\"\"><\/span>&nbsp;Send<br>\n                            <\/a>\n                            <input type=\"submit\" value=\"submit\" class=\"u-form-control-hidden\">\n                          <\/div>\n                          <div class=\"u-form-send-message u-form-send-success\" data-lang-de=\"Thank you! Your message has been sent.\" data-lang-en=\"Thank you! Your message has been sent.\">Thank you! Your message has been sent.<\/div>\n                          <div class=\"u-form-send-error u-form-send-message\" data-lang-de=\"Unable to send your message. Please fix errors then try again.\" data-lang-en=\"Unable to send your message. Please fix errors then try again.\">Unable to send your message. Please fix errors then try again.<\/div>\n                          <input type=\"hidden\" value=\"\" name=\"recaptchaResponse\">\n                          <input type=\"hidden\" name=\"formServices\" value=\"1781a9dd-e114-1284-ac7c-7d83fd90c740\">\n                        <\/form>\n                      <\/div>\n                    <\/div>\n                  <\/div>\n                <\/div>\n              <\/div>\n              <div class=\"u-size-30\">\n                <div class=\"u-layout-col\">\n                  <div class=\"u-align-left u-container-style u-layout-cell u-right-cell u-size-60 u-layout-cell-3\">\n                    <div class=\"u-container-layout u-container-layout-3\">\n                      <div class=\"u-expanded u-grey-light-2 u-map\">\n                        <div class=\"embed-responsive\">\n                          <iframe class=\"embed-responsive-item\" src=\"\/\/maps.google.com\/maps?output=embed&amp;q=Hauptstrasse%20112%0ACH-6182%20Escholzmatt&amp;z=10&amp;t=m\" data-map=\"JTdCJTIycG9zaXRpb25UeXBlJTIyJTNBJTIybWFwLXBvaW50JTIyJTJDJTIyYWRkcmVzcyUyMiUzQSUyMkhhdXB0c3RyYXNzZSUyMDExMiU1Q25DSC02MTgyJTIwRXNjaG9sem1hdHQlMjIlMkMlMjJ6b29tJTIyJTNBMTAlMkMlMjJ0eXBlSWQlMjIlM0ElMjJyb2FkJTIyJTJDJTIybGFuZyUyMiUzQSUyMiUyMiU3RA==\"><\/iframe>\n                        <\/div>\n                      <\/div>\n                    <\/div>\n                  <\/div>\n                <\/div>\n              <\/div>\n            <\/div>\n          <\/div>\n        <\/div>\n      <\/div>\n    <\/section>\n    \n    \n    \n  \n","protected":false},"excerpt":{"rendered":"<p>Kontakt F\u00fcr weitere Fragen oder Buchungen z\u00f6gern Sie bitte nicht, uns per Telefon, E-Mail oder \u00fcber unser Kontaktformular zu kontaktieren, wir stehen Ihnen gerne zur Verf\u00fcgung. Name Handynummer Email Address &nbsp;Send Thank you! Your message has been sent. Unable to send your message. Please fix errors then try again.<\/p>\n","protected":false},"author":1,"featured_media":0,"parent":0,"menu_order":5,"comment_status":"closed","ping_status":"closed","template":"","meta":{"footnotes":""},"class_list":["post-144","page","type-page","status-publish","hentry"],"_links":{"self":[{"href":"https:\/\/loewen-escholzmatt.ch\/index.php?rest_route=\/wp\/v2\/pages\/144","targetHints":{"allow":["GET"]}}],"collection":[{"href":"https:\/\/loewen-escholzmatt.ch\/index.php?rest_route=\/wp\/v2\/pages"}],"about":[{"href":"https:\/\/loewen-escholzmatt.ch\/index.php?rest_route=\/wp\/v2\/types\/page"}],"author":[{"embeddable":true,"href":"https:\/\/loewen-escholzmatt.ch\/index.php?rest_route=\/wp\/v2\/users\/1"}],"replies":[{"embeddable":true,"href":"https:\/\/loewen-escholzmatt.ch\/index.php?rest_route=%2Fwp%2Fv2%2Fcomments&post=144"}],"version-history":[{"count":1,"href":"https:\/\/loewen-escholzmatt.ch\/index.php?rest_route=\/wp\/v2\/pages\/144\/revisions"}],"predecessor-version":[{"id":162,"href":"https:\/\/loewen-escholzmatt.ch\/index.php?rest_route=\/wp\/v2\/pages\/144\/revisions\/162"}],"wp:attachment":[{"href":"https:\/\/loewen-escholzmatt.ch\/index.php?rest_route=%2Fwp%2Fv2%2Fmedia&parent=144"}],"curies":[{"name":"wp","href":"https:\/\/api.w.org\/{rel}","templated":true}]}}